{"id":134,"date":"2023-09-26T10:45:32","date_gmt":"2023-09-26T10:45:32","guid":{"rendered":"http:\/\/xcare-demo.pbminfotech.com\/demo1\/?page_id=4466"},"modified":"2025-10-17T13:25:26","modified_gmt":"2025-10-17T10:25:26","slug":"hakkimizda","status":"publish","type":"page","link":"https:\/\/ozelmayapoliklinigi.com\/fr\/hakkimizda\/","title":{"rendered":"\u00c0 propos de nous"},"content":{"rendered":"<div data-elementor-type=\"wp-page\" data-elementor-id=\"134\" class=\"elementor elementor-134\" data-elementor-post-type=\"page\">\n\t\t\t\t\t\t<section class=\"elementor-section elementor-top-section elementor-element elementor-element-aa1d5e4 pbmit-col-stretched-none pbmit-bg-color-over-image elementor-section-boxed elementor-section-height-default elementor-section-height-default\" data-id=\"aa1d5e4\" data-element_type=\"section\" data-e-type=\"section\">\n\t\t\t\t\t\t<div class=\"elementor-container elementor-column-gap-no\">\n\t\t\t\t\t<div class=\"elementor-column elementor-col-100 elementor-top-column elementor-element elementor-element-94791fb pbmit-bg-color-over-image\" data-id=\"94791fb\" data-element_type=\"column\" data-e-type=\"column\">\n\t\t\t<div class=\"elementor-widget-wrap elementor-element-populated\">\n\t\t\t\t\t\t<section class=\"elementor-section elementor-inner-section elementor-element elementor-element-2cb653a pbmit-col-stretched-none pbmit-bg-color-over-image elementor-section-boxed elementor-section-height-default elementor-section-height-default\" data-id=\"2cb653a\" data-element_type=\"section\" data-e-type=\"section\">\n\t\t\t\t\t\t<div class=\"elementor-container elementor-column-gap-default\">\n\t\t\t\t\t<div class=\"elementor-column elementor-col-50 elementor-inner-column elementor-element elementor-element-5bdc943 pbmit-bg-color-over-image\" data-id=\"5bdc943\" data-element_type=\"column\" data-e-type=\"column\">\n\t\t\t<div class=\"elementor-widget-wrap elementor-element-populated\">\n\t\t\t\t\t\t<div class=\"elementor-element elementor-element-f43ab20 elementor-widget-tablet_extra__width-initial pbmit-animation-none elementor-widget elementor-widget-image\" data-id=\"f43ab20\" data-element_type=\"widget\" data-e-type=\"widget\" data-widget_type=\"image.default\">\n\t\t\t\t<div class=\"elementor-widget-container\">\n\t\t\t\t\t\t\t\t\t\t\t\t\t\t\t<img fetchpriority=\"high\" decoding=\"async\" width=\"847\" height=\"599\" src=\"https:\/\/ozelmayapoliklinigi.com\/wp-content\/uploads\/2025\/10\/UluslararasiSaglikTurizmBelgesi-1-e1760695454622-1024x724.png\" class=\"attachment-large size-large wp-image-866\" alt=\"\" srcset=\"https:\/\/ozelmayapoliklinigi.com\/wp-content\/uploads\/2025\/10\/UluslararasiSaglikTurizmBelgesi-1-e1760695454622-1024x724.png 1024w, https:\/\/ozelmayapoliklinigi.com\/wp-content\/uploads\/2025\/10\/UluslararasiSaglikTurizmBelgesi-1-e1760695454622-300x212.png 300w, https:\/\/ozelmayapoliklinigi.com\/wp-content\/uploads\/2025\/10\/UluslararasiSaglikTurizmBelgesi-1-e1760695454622-768x543.png 768w, https:\/\/ozelmayapoliklinigi.com\/wp-content\/uploads\/2025\/10\/UluslararasiSaglikTurizmBelgesi-1-e1760695454622-1536x1086.png 1536w, https:\/\/ozelmayapoliklinigi.com\/wp-content\/uploads\/2025\/10\/UluslararasiSaglikTurizmBelgesi-1-e1760695454622-2048x1448.png 2048w, https:\/\/ozelmayapoliklinigi.com\/wp-content\/uploads\/2025\/10\/UluslararasiSaglikTurizmBelgesi-1-e1760695454622-18x12.png 18w\" sizes=\"(max-width: 847px) 100vw, 847px\" \/>\t\t\t\t\t\t\t\t\t\t\t\t\t\t\t<\/div>\n\t\t\t\t<\/div>\n\t\t\t\t\t<\/div>\n\t\t<\/div>\n\t\t\t\t<div class=\"elementor-column elementor-col-50 elementor-inner-column elementor-element elementor-element-1cf5c9c pbmit-bg-color-over-image\" data-id=\"1cf5c9c\" data-element_type=\"column\" data-e-type=\"column\">\n\t\t\t<div class=\"elementor-widget-wrap elementor-element-populated\">\n\t\t\t\t\t\t<div class=\"elementor-element elementor-element-530a8e0 elementor-widget elementor-widget-heading\" data-id=\"530a8e0\" data-element_type=\"widget\" data-e-type=\"widget\" data-widget_type=\"heading.default\">\n\t\t\t\t<div class=\"elementor-widget-container\">\n\t\t\t\t\t<h2 class=\"elementor-heading-title elementor-size-default\">Notre vision<\/h2>\t\t\t\t<\/div>\n\t\t\t\t<\/div>\n\t\t\t\t<div class=\"elementor-element elementor-element-9d20225 elementor-widget elementor-widget-text-editor\" data-id=\"9d20225\" data-element_type=\"widget\" data-e-type=\"widget\" data-widget_type=\"text-editor.default\">\n\t\t\t\t<div class=\"elementor-widget-container\">\n\t\t\t\t\t\t\t\t\t<p>Notre vision en tant que polyclinique Private Maya est de maintenir et d'accro\u00eetre son image de marque en tant qu'\u00e9tablissement de sant\u00e9 mondialement reconnu, fiable et innovant dans le domaine de la sant\u00e9 et de l'esth\u00e9tique. Sous la direction de notre fondateur, le Dr Nihat Dik, nous visons \u00e0 occuper une position de premier plan dans le secteur en tant que centre qui adopte les normes internationales en mati\u00e8re de sant\u00e9 et de services esth\u00e9tiques, suit les derniers d\u00e9veloppements scientifiques et technologiques et applique des m\u00e9thodes de traitement modernes. Avec notre approche qui valorise les personnes et ne fait aucun compromis sur les principes \u00e9thiques, nous visons \u00e0 \u00eatre un centre de sant\u00e9 et d'esth\u00e9tique privil\u00e9gi\u00e9 non seulement en Turquie mais aussi dans le monde entier. Notre objectif est d'assurer un d\u00e9veloppement continu gr\u00e2ce \u00e0 des solutions innovantes et pionni\u00e8res dans le secteur, tout en maintenant la satisfaction des patients au plus haut niveau.<\/p>\t\t\t\t\t\t\t\t<\/div>\n\t\t\t\t<\/div>\n\t\t\t\t\t<\/div>\n\t\t<\/div>\n\t\t\t\t\t<\/div>\n\t\t<\/section>\n\t\t\t\t<div class=\"elementor-element elementor-element-e8dec6e elementor-widget elementor-widget-spacer\" data-id=\"e8dec6e\" data-element_type=\"widget\" data-e-type=\"widget\" data-widget_type=\"spacer.default\">\n\t\t\t\t<div class=\"elementor-widget-container\">\n\t\t\t\t\t\t\t<div class=\"elementor-spacer\">\n\t\t\t<div class=\"elementor-spacer-inner\"><\/div>\n\t\t<\/div>\n\t\t\t\t\t\t<\/div>\n\t\t\t\t<\/div>\n\t\t\t\t<div class=\"elementor-element elementor-element-38ce83c elementor-widget elementor-widget-heading\" data-id=\"38ce83c\" data-element_type=\"widget\" data-e-type=\"widget\" data-widget_type=\"heading.default\">\n\t\t\t\t<div class=\"elementor-widget-container\">\n\t\t\t\t\t<h2 class=\"elementor-heading-title elementor-size-default\">Notre mission<\/h2>\t\t\t\t<\/div>\n\t\t\t\t<\/div>\n\t\t\t\t<div class=\"elementor-element elementor-element-df605b4 elementor-widget elementor-widget-text-editor\" data-id=\"df605b4\" data-element_type=\"widget\" data-e-type=\"widget\" data-widget_type=\"text-editor.default\">\n\t\t\t\t<div class=\"elementor-widget-container\">\n\t\t\t\t\t\t\t\t\t<p>La mission de la polyclinique Private Maya est de r\u00e9pondre aux besoins de nos clients en mati\u00e8re de sant\u00e9 et d'esth\u00e9tique gr\u00e2ce aux technologies les plus modernes et aux normes \u00e9thiques les plus \u00e9lev\u00e9es, en s'appuyant sur les ann\u00e9es d'exp\u00e9rience et le leadership de notre fondateur, le Dr Nihat Dik. Conform\u00e9ment \u00e0 la vision du Dr Nihat Dik, nous suivons de pr\u00e8s les derniers d\u00e9veloppements scientifiques dans le secteur et les int\u00e9grons rapidement dans nos processus de traitement. Nos chirurgiens exp\u00e9riment\u00e9s et notre \u00e9quipe d'experts g\u00e8rent les processus de traitement de mani\u00e8re s\u00fbre, efficace et personnalis\u00e9e et proposent les solutions les plus appropri\u00e9es \u00e0 chaque client.<\/p>\n<p>Notre \u00e9quipement technologique est conforme aux normes m\u00e9dicales les plus r\u00e9centes et vise \u00e0 rendre les processus de traitement les plus s\u00fbrs et les plus confortables. La s\u00e9curit\u00e9 et la satisfaction de nos clients sont notre premi\u00e8re priorit\u00e9. C'est pourquoi nous nous engageons \u00e0 fournir un service de qualit\u00e9 sup\u00e9rieure, non seulement dans le domaine de l'esth\u00e9tique, mais aussi dans celui des services de sant\u00e9 en g\u00e9n\u00e9ral, en d\u00e9veloppant et en actualisant constamment notre compr\u00e9hension des services. Notre objectif est de veiller \u00e0 ce que nos clients obtiennent les meilleurs r\u00e9sultats et de leur fournir un soutien fiable et continu en mati\u00e8re de sant\u00e9.<\/p>\n<p>En tant que polyclinique priv\u00e9e Maya, nous sommes l\u00e0 pour am\u00e9liorer la qualit\u00e9 de vie de nos clients et accompagner leur parcours de sant\u00e9 en toute confiance.<\/p>\t\t\t\t\t\t\t\t<\/div>\n\t\t\t\t<\/div>\n\t\t\t\t\t<\/div>\n\t\t<\/div>\n\t\t\t\t\t<\/div>\n\t\t<\/section>\n\t\t\t\t<\/div>","protected":false},"excerpt":{"rendered":"<p>Vizyonumuz \u00d6zel Maya Poliklini\u011fi olarak vizyonumuz, sa\u011fl\u0131k ve estetik alan\u0131nda global \u00f6l\u00e7ekte tan\u0131nan, g\u00fcvenilir ve yenilik\u00e7i bir sa\u011fl\u0131k kurulu\u015fu olarak, marka imaj\u0131n\u0131 korumak ve marka de\u011ferini b\u00fcy\u00fctmektedir. Kurucumuz Dr. Nihat Dik&#8217;in \u00f6nc\u00fcl\u00fc\u011f\u00fcnde, sa\u011fl\u0131k ve estetik hizmetlerinde uluslararas\u0131 standartlar\u0131 benimseyen, en yeni bilimsel ve teknolojik geli\u015fmeleri takip eden, modern tedavi y\u00f6ntemlerini uygulayan bir merkez olarak sekt\u00f6rde [&hellip;]<\/p>\n","protected":false},"author":1,"featured_media":0,"parent":0,"menu_order":5,"comment_status":"closed","ping_status":"closed","template":"","meta":{"_acf_changed":false,"inline_featured_image":false,"footnotes":""},"class_list":["post-134","page","type-page","status-publish","hentry"],"acf":[],"_links":{"self":[{"href":"https:\/\/ozelmayapoliklinigi.com\/fr\/wp-json\/wp\/v2\/pages\/134","targetHints":{"allow":["GET"]}}],"collection":[{"href":"https:\/\/ozelmayapoliklinigi.com\/fr\/wp-json\/wp\/v2\/pages"}],"about":[{"href":"https:\/\/ozelmayapoliklinigi.com\/fr\/wp-json\/wp\/v2\/types\/page"}],"author":[{"embeddable":true,"href":"https:\/\/ozelmayapoliklinigi.com\/fr\/wp-json\/wp\/v2\/users\/1"}],"replies":[{"embeddable":true,"href":"https:\/\/ozelmayapoliklinigi.com\/fr\/wp-json\/wp\/v2\/comments?post=134"}],"version-history":[{"count":34,"href":"https:\/\/ozelmayapoliklinigi.com\/fr\/wp-json\/wp\/v2\/pages\/134\/revisions"}],"predecessor-version":[{"id":887,"href":"https:\/\/ozelmayapoliklinigi.com\/fr\/wp-json\/wp\/v2\/pages\/134\/revisions\/887"}],"wp:attachment":[{"href":"https:\/\/ozelmayapoliklinigi.com\/fr\/wp-json\/wp\/v2\/media?parent=134"}],"curies":[{"name":"wp","href":"https:\/\/api.w.org\/{rel}","templated":true}]}}