{"id":133,"date":"2023-09-26T11:44:36","date_gmt":"2023-09-26T11:44:36","guid":{"rendered":"http:\/\/xcare-demo.pbminfotech.com\/demo1\/?page_id=4511"},"modified":"2024-09-25T15:30:28","modified_gmt":"2024-09-25T12:30:28","slug":"doktorlarimiz","status":"publish","type":"page","link":"https:\/\/ozelmayapoliklinigi.com\/fr\/doktorlarimiz\/","title":{"rendered":"Nos m\u00e9decins"},"content":{"rendered":"<div data-elementor-type=\"wp-page\" data-elementor-id=\"133\" class=\"elementor elementor-133\" data-elementor-post-type=\"page\">\n\t\t\t\t\t\t<div class=\"elementor-section elementor-top-section elementor-element elementor-element-e8932bf pbmit-col-stretched-none pbmit-bg-color-over-image elementor-section-boxed elementor-section-height-default elementor-section-height-default\" data-id=\"e8932bf\" data-element_type=\"section\" data-e-type=\"section\">\n\t\t\t\t\t\t<div class=\"elementor-container elementor-column-gap-no\">\n\t\t\t\t\t<div class=\"elementor-column elementor-col-100 elementor-top-column elementor-element elementor-element-8518514 pbmit-bg-color-over-image\" data-id=\"8518514\" data-element_type=\"column\" data-e-type=\"column\">\n\t\t\t<div class=\"elementor-widget-wrap elementor-element-populated\">\n\t\t\t\t\t\t<div class=\"elementor-element elementor-element-5a5e3ce elementor-widget elementor-widget-pbmit_team_element\" data-id=\"5a5e3ce\" data-element_type=\"widget\" data-e-type=\"widget\" data-widget_type=\"pbmit_team_element.default\">\n\t\t\t\t<div class=\"elementor-widget-container\">\n\t\t\t\t\t\r\n\t\t<div class=\"pbminfotech-element\t\t\tpbminfotech-element-team\t\t\tpbmit-element-team-style-1\t\t\tpbmit-element-viewtype-row-column\t\t\tpbmit-element-column-four\t\t\tpbmit-element-sticky-carousel-false\t\t\tpbmit-element-caroursel-dot-false\t\t\tpbmit-infinite-scroll-no\t\t\tpbmit-infinite-scroll-button-no\t\t\tpbminfotech-gap-default\"\r\n\r\n\t\t\tdata-cpt=\"team\"\r\n\t\t\tdata-totalpagination=\"1\"\r\n\t\t\tdata-style=\"1\"\r\n\t\t\tdata-show=\"8\"\r\n\t\t\tdata-columns=\"4\"\r\n\t\t\tdata-loop=\"false\"\r\n\t\t\tdata-autoplay=\"false\"\r\n\t\t\tdata-center=\"false\"\r\n\t\t\tdata-nav=\"false\"\r\n\t\t\tdata-dots=\"false\"\r\n\t\t\tdata-reverse=\"false\"\r\n\t\t\tdata-speed=\"1000\"\r\n\t\t\tdata-delay=\"4000\"\r\n\t\t\tdata-margin=\"default\"\r\n\t\t\tdata-show-portion=\"false\">\r\n\r\n\t\t\t<div class=\"pbmit-element-inner\">\r\n\t\t\r\n\r\n\t\t\r\n\t\t<div class=\"pbmit-ele-header-area\">\r\n\t\t\t\t<div class=\"pbmit-heading-subheading  animation-style4\"><\/div>\t\t\t\t\t<\/div>\r\n\r\n\t\t<div class=\"pbmit-infinite-scroll-data\">{\"cpt\":\"team\",\"style\":\"1\",\"columns\":\"4\",\"show\":8,\"order\":\"ASC\",\"orderby\":\"date\"}<\/div>\r\n\t\t\t<div class=\"pbmit-element-posts-wrapper row multi-columns-row\">\r\n\t\t\t\t<article class=\"pbmit-ele pbmit-ele-team pbmit-team-style-1 col-md-6 col-lg-3  pbmit-odd pbmit-col-odd\"><div class=\"pbminfotech-post-item\">\r\n\t<div class=\"pbmit-featured-wrap\">\r\n\t\t<div class=\"pbmit-featured-img-wrapper\"><div class=\"pbmit-featured-wrapper\"><a href=\"https:\/\/ozelmayapoliklinigi.com\/fr\/doktor\/dr-mehmet-faruk-yavuz\/\"><img fetchpriority=\"high\" decoding=\"async\" width=\"500\" height=\"700\" src=\"https:\/\/ozelmayapoliklinigi.com\/wp-content\/uploads\/2024\/09\/3.jpg\" class=\"attachment-pbmit-img-650x830 size-pbmit-img-650x830 wp-post-image\" alt=\"\" srcset=\"https:\/\/ozelmayapoliklinigi.com\/wp-content\/uploads\/2024\/09\/3.jpg 500w, https:\/\/ozelmayapoliklinigi.com\/wp-content\/uploads\/2024\/09\/3-214x300.jpg 214w\" sizes=\"(max-width: 500px) 100vw, 500px\" \/><\/a><\/div><\/div>\t\t<div class=\"pbmit-team-btn\"><a class=\"pbmit-team-text\" href=\"#\"><i class=\"pbmit-base-icon-share-1\"><\/i><\/a>\r\n\t\t\t<div class=\"pbminfotech-box-social-links\">\r\n\t\t\t\t\t\t\t<\/div>\r\n\t\t<\/div>\r\n\t<\/div>\r\n\t<div class=\"pbminfotech-box-content\">\r\n\t\t<div class=\"pbminfotech-box-content-inner\">\r\n\t\t\t\t\t<div class=\"pbminfotech-box-team-position\">Dermatologue<\/div>\r\n\t\t\t\t\t<h3 class=\"pbmit-team-title\"><a href=\"https:\/\/ozelmayapoliklinigi.com\/fr\/doktor\/dr-mehmet-faruk-yavuz\/\">Dr Ebru \u015eim\u015fek<\/a><\/h3>\r\n\t\t<\/div>\r\n\t<\/div>\r\n<\/div><\/article><article class=\"pbmit-ele pbmit-ele-team pbmit-team-style-1 col-md-6 col-lg-3  pbmit-even pbmit-col-odd\"><div class=\"pbminfotech-post-item\">\r\n\t<div class=\"pbmit-featured-wrap\">\r\n\t\t<div class=\"pbmit-featured-img-wrapper\"><div class=\"pbmit-featured-wrapper\"><a href=\"https:\/\/ozelmayapoliklinigi.com\/fr\/doktor\/pratisyen-hekim-umur-ali-aslan\/\"><img decoding=\"async\" width=\"650\" height=\"830\" src=\"https:\/\/ozelmayapoliklinigi.com\/wp-content\/uploads\/2025\/10\/umur_aslan_web-650x830.webp\" class=\"attachment-pbmit-img-650x830 size-pbmit-img-650x830 wp-post-image\" alt=\"\" srcset=\"https:\/\/ozelmayapoliklinigi.com\/wp-content\/uploads\/2025\/10\/umur_aslan_web-650x830.webp 650w, https:\/\/ozelmayapoliklinigi.com\/wp-content\/uploads\/2025\/10\/umur_aslan_web-9x12.webp 9w\" sizes=\"(max-width: 650px) 100vw, 650px\" \/><\/a><\/div><\/div>\t\t<div class=\"pbmit-team-btn\"><a class=\"pbmit-team-text\" href=\"#\"><i class=\"pbmit-base-icon-share-1\"><\/i><\/a>\r\n\t\t\t<div class=\"pbminfotech-box-social-links\">\r\n\t\t\t\t\t\t\t<\/div>\r\n\t\t<\/div>\r\n\t<\/div>\r\n\t<div class=\"pbminfotech-box-content\">\r\n\t\t<div class=\"pbminfotech-box-content-inner\">\r\n\t\t\t\t\t<div class=\"pbminfotech-box-team-position\">Gestionnaire responsable<\/div>\r\n\t\t\t\t\t<h3 class=\"pbmit-team-title\"><a href=\"https:\/\/ozelmayapoliklinigi.com\/fr\/doktor\/pratisyen-hekim-umur-ali-aslan\/\">M\u00e9decin g\u00e9n\u00e9raliste Umur Ali Aslan<\/a><\/h3>\r\n\t\t<\/div>\r\n\t<\/div>\r\n<\/div><\/article>\t\t\t<\/div>\r\n\t\t\t\r\n\t\t\r\n\t\t\r\n\t\t\t\t\t<\/div><!-- .pbmit-element-inner -->\r\n\t\t<\/div><!-- .pbminfotech-element -->\r\n\r\n\t\t\t\t\t\t\t\t<\/div>\n\t\t\t\t<\/div>\n\t\t\t\t\t<\/div>\n\t\t<\/div>\n\t\t\t\t\t<\/div>\n\t\t<\/div>\n\t\t\t\t<\/div>","protected":false},"excerpt":{"rendered":"<p>{&#8220;cpt&#8221;:&#8221;team&#8221;,&#8221;style&#8221;:&#8221;1&#8243;,&#8221;columns&#8221;:&#8221;4&#8243;,&#8221;show&#8221;:8,&#8221;order&#8221;:&#8221;ASC&#8221;,&#8221;orderby&#8221;:&#8221;date&#8221;} Medikal Estetik Hekimi Dr. Nihat Dik Dr. \u00d6mer T\u00fcrel Dr. Mahmut Boray Altunay Dr. Abd\u00fclkadir Kays\u0131<\/p>","protected":false},"author":1,"featured_media":0,"parent":0,"menu_order":6,"comment_status":"closed","ping_status":"closed","template":"","meta":{"_acf_changed":false,"inline_featured_image":false,"footnotes":""},"class_list":["post-133","page","type-page","status-publish","hentry"],"acf":[],"_links":{"self":[{"href":"https:\/\/ozelmayapoliklinigi.com\/fr\/wp-json\/wp\/v2\/pages\/133","targetHints":{"allow":["GET"]}}],"collection":[{"href":"https:\/\/ozelmayapoliklinigi.com\/fr\/wp-json\/wp\/v2\/pages"}],"about":[{"href":"https:\/\/ozelmayapoliklinigi.com\/fr\/wp-json\/wp\/v2\/types\/page"}],"author":[{"embeddable":true,"href":"https:\/\/ozelmayapoliklinigi.com\/fr\/wp-json\/wp\/v2\/users\/1"}],"replies":[{"embeddable":true,"href":"https:\/\/ozelmayapoliklinigi.com\/fr\/wp-json\/wp\/v2\/comments?post=133"}],"version-history":[{"count":9,"href":"https:\/\/ozelmayapoliklinigi.com\/fr\/wp-json\/wp\/v2\/pages\/133\/revisions"}],"predecessor-version":[{"id":676,"href":"https:\/\/ozelmayapoliklinigi.com\/fr\/wp-json\/wp\/v2\/pages\/133\/revisions\/676"}],"wp:attachment":[{"href":"https:\/\/ozelmayapoliklinigi.com\/fr\/wp-json\/wp\/v2\/media?parent=133"}],"curies":[{"name":"wp","href":"https:\/\/api.w.org\/{rel}","templated":true}]}}