{"id":134,"date":"2023-09-26T10:45:32","date_gmt":"2023-09-26T10:45:32","guid":{"rendered":"http:\/\/xcare-demo.pbminfotech.com\/demo1\/?page_id=4466"},"modified":"2025-10-17T13:25:26","modified_gmt":"2025-10-17T10:25:26","slug":"hakkimizda","status":"publish","type":"page","link":"https:\/\/ozelmayapoliklinigi.com\/en\/hakkimizda\/","title":{"rendered":"About Us"},"content":{"rendered":"<div data-elementor-type=\"wp-page\" data-elementor-id=\"134\" class=\"elementor elementor-134\" data-elementor-post-type=\"page\">\n\t\t\t\t\t\t<section class=\"elementor-section elementor-top-section elementor-element elementor-element-aa1d5e4 pbmit-col-stretched-none pbmit-bg-color-over-image elementor-section-boxed elementor-section-height-default elementor-section-height-default\" data-id=\"aa1d5e4\" data-element_type=\"section\" data-e-type=\"section\">\n\t\t\t\t\t\t<div class=\"elementor-container elementor-column-gap-no\">\n\t\t\t\t\t<div class=\"elementor-column elementor-col-100 elementor-top-column elementor-element elementor-element-94791fb pbmit-bg-color-over-image\" data-id=\"94791fb\" data-element_type=\"column\" data-e-type=\"column\">\n\t\t\t<div class=\"elementor-widget-wrap elementor-element-populated\">\n\t\t\t\t\t\t<section class=\"elementor-section elementor-inner-section elementor-element elementor-element-2cb653a pbmit-col-stretched-none pbmit-bg-color-over-image elementor-section-boxed elementor-section-height-default elementor-section-height-default\" data-id=\"2cb653a\" data-element_type=\"section\" data-e-type=\"section\">\n\t\t\t\t\t\t<div class=\"elementor-container elementor-column-gap-default\">\n\t\t\t\t\t<div class=\"elementor-column elementor-col-50 elementor-inner-column elementor-element elementor-element-5bdc943 pbmit-bg-color-over-image\" data-id=\"5bdc943\" data-element_type=\"column\" data-e-type=\"column\">\n\t\t\t<div class=\"elementor-widget-wrap elementor-element-populated\">\n\t\t\t\t\t\t<div class=\"elementor-element elementor-element-f43ab20 elementor-widget-tablet_extra__width-initial pbmit-animation-none elementor-widget elementor-widget-image\" data-id=\"f43ab20\" data-element_type=\"widget\" data-e-type=\"widget\" data-widget_type=\"image.default\">\n\t\t\t\t<div class=\"elementor-widget-container\">\n\t\t\t\t\t\t\t\t\t\t\t\t\t\t\t<img fetchpriority=\"high\" decoding=\"async\" width=\"847\" height=\"599\" src=\"https:\/\/ozelmayapoliklinigi.com\/wp-content\/uploads\/2025\/10\/UluslararasiSaglikTurizmBelgesi-1-e1760695454622-1024x724.png\" class=\"attachment-large size-large wp-image-866\" alt=\"\" srcset=\"https:\/\/ozelmayapoliklinigi.com\/wp-content\/uploads\/2025\/10\/UluslararasiSaglikTurizmBelgesi-1-e1760695454622-1024x724.png 1024w, https:\/\/ozelmayapoliklinigi.com\/wp-content\/uploads\/2025\/10\/UluslararasiSaglikTurizmBelgesi-1-e1760695454622-300x212.png 300w, https:\/\/ozelmayapoliklinigi.com\/wp-content\/uploads\/2025\/10\/UluslararasiSaglikTurizmBelgesi-1-e1760695454622-768x543.png 768w, https:\/\/ozelmayapoliklinigi.com\/wp-content\/uploads\/2025\/10\/UluslararasiSaglikTurizmBelgesi-1-e1760695454622-1536x1086.png 1536w, https:\/\/ozelmayapoliklinigi.com\/wp-content\/uploads\/2025\/10\/UluslararasiSaglikTurizmBelgesi-1-e1760695454622-2048x1448.png 2048w, https:\/\/ozelmayapoliklinigi.com\/wp-content\/uploads\/2025\/10\/UluslararasiSaglikTurizmBelgesi-1-e1760695454622-18x12.png 18w\" sizes=\"(max-width: 847px) 100vw, 847px\" \/>\t\t\t\t\t\t\t\t\t\t\t\t\t\t\t<\/div>\n\t\t\t\t<\/div>\n\t\t\t\t\t<\/div>\n\t\t<\/div>\n\t\t\t\t<div class=\"elementor-column elementor-col-50 elementor-inner-column elementor-element elementor-element-1cf5c9c pbmit-bg-color-over-image\" data-id=\"1cf5c9c\" data-element_type=\"column\" data-e-type=\"column\">\n\t\t\t<div class=\"elementor-widget-wrap elementor-element-populated\">\n\t\t\t\t\t\t<div class=\"elementor-element elementor-element-530a8e0 elementor-widget elementor-widget-heading\" data-id=\"530a8e0\" data-element_type=\"widget\" data-e-type=\"widget\" data-widget_type=\"heading.default\">\n\t\t\t\t<div class=\"elementor-widget-container\">\n\t\t\t\t\t<h2 class=\"elementor-heading-title elementor-size-default\">Our Vision<\/h2>\t\t\t\t<\/div>\n\t\t\t\t<\/div>\n\t\t\t\t<div class=\"elementor-element elementor-element-9d20225 elementor-widget elementor-widget-text-editor\" data-id=\"9d20225\" data-element_type=\"widget\" data-e-type=\"widget\" data-widget_type=\"text-editor.default\">\n\t\t\t\t<div class=\"elementor-widget-container\">\n\t\t\t\t\t\t\t\t\t<p>Our vision as Private Maya Polyclinic is to maintain its brand image and grow its brand value as a globally recognised, reliable and innovative health institution in the field of health and aesthetics. Under the leadership of our founder Dr. Nihat Dik, we aim to be in a leading position in the sector as a centre that adopts international standards in health and aesthetic services, follows the latest scientific and technological developments and applies modern treatment methods. With our approach that values people and does not compromise on ethical principles, we aim to be a preferred aesthetic and health centre not only in Turkey but also worldwide. Our aim is to ensure continuous development with innovative and pioneering solutions in the sector while always keeping patient satisfaction at the highest level.<\/p>\t\t\t\t\t\t\t\t<\/div>\n\t\t\t\t<\/div>\n\t\t\t\t\t<\/div>\n\t\t<\/div>\n\t\t\t\t\t<\/div>\n\t\t<\/section>\n\t\t\t\t<div class=\"elementor-element elementor-element-e8dec6e elementor-widget elementor-widget-spacer\" data-id=\"e8dec6e\" data-element_type=\"widget\" data-e-type=\"widget\" data-widget_type=\"spacer.default\">\n\t\t\t\t<div class=\"elementor-widget-container\">\n\t\t\t\t\t\t\t<div class=\"elementor-spacer\">\n\t\t\t<div class=\"elementor-spacer-inner\"><\/div>\n\t\t<\/div>\n\t\t\t\t\t\t<\/div>\n\t\t\t\t<\/div>\n\t\t\t\t<div class=\"elementor-element elementor-element-38ce83c elementor-widget elementor-widget-heading\" data-id=\"38ce83c\" data-element_type=\"widget\" data-e-type=\"widget\" data-widget_type=\"heading.default\">\n\t\t\t\t<div class=\"elementor-widget-container\">\n\t\t\t\t\t<h2 class=\"elementor-heading-title elementor-size-default\">Our Mission<\/h2>\t\t\t\t<\/div>\n\t\t\t\t<\/div>\n\t\t\t\t<div class=\"elementor-element elementor-element-df605b4 elementor-widget elementor-widget-text-editor\" data-id=\"df605b4\" data-element_type=\"widget\" data-e-type=\"widget\" data-widget_type=\"text-editor.default\">\n\t\t\t\t<div class=\"elementor-widget-container\">\n\t\t\t\t\t\t\t\t\t<p>The mission of Private Maya Polyclinic is to meet the health and aesthetic needs of our clients with the most modern technologies and the highest ethical standards with the years of experience and leadership of our founder Dr Nihat Dik. In line with Dr Nihat Dik's vision, we closely follow the latest scientific developments in the sector and quickly integrate these developments into our treatment processes. Our experienced surgeons and expert team manage the treatment processes in a safe, effective and personalised manner and offer the most appropriate solutions to each client.<\/p>\n<p>Our technological equipment complies with the latest medical standards and aims to make the treatment processes the safest and most comfortable. The safety and satisfaction of our clients is our first priority. For this reason, we are committed to providing a superior service not only in the field of aesthetics but also in general health services with a constantly developing and updated service understanding. Our aim is to ensure that our clients achieve the best results and to provide reliable and continuous health support.<\/p>\n<p>As Private Maya Polyclinic, we are here to improve the quality of life of our clients and to accompany their health journey with confidence.<\/p>\t\t\t\t\t\t\t\t<\/div>\n\t\t\t\t<\/div>\n\t\t\t\t\t<\/div>\n\t\t<\/div>\n\t\t\t\t\t<\/div>\n\t\t<\/section>\n\t\t\t\t<\/div>","protected":false},"excerpt":{"rendered":"<p>Vizyonumuz \u00d6zel Maya Poliklini\u011fi olarak vizyonumuz, sa\u011fl\u0131k ve estetik alan\u0131nda global \u00f6l\u00e7ekte tan\u0131nan, g\u00fcvenilir ve yenilik\u00e7i bir sa\u011fl\u0131k kurulu\u015fu olarak, marka imaj\u0131n\u0131 korumak ve marka de\u011ferini b\u00fcy\u00fctmektedir. Kurucumuz Dr. Nihat Dik&#8217;in \u00f6nc\u00fcl\u00fc\u011f\u00fcnde, sa\u011fl\u0131k ve estetik hizmetlerinde uluslararas\u0131 standartlar\u0131 benimseyen, en yeni bilimsel ve teknolojik geli\u015fmeleri takip eden, modern tedavi y\u00f6ntemlerini uygulayan bir merkez olarak sekt\u00f6rde [&hellip;]<\/p>\n","protected":false},"author":1,"featured_media":0,"parent":0,"menu_order":5,"comment_status":"closed","ping_status":"closed","template":"","meta":{"_acf_changed":false,"inline_featured_image":false,"footnotes":""},"class_list":["post-134","page","type-page","status-publish","hentry"],"acf":[],"_links":{"self":[{"href":"https:\/\/ozelmayapoliklinigi.com\/en\/wp-json\/wp\/v2\/pages\/134","targetHints":{"allow":["GET"]}}],"collection":[{"href":"https:\/\/ozelmayapoliklinigi.com\/en\/wp-json\/wp\/v2\/pages"}],"about":[{"href":"https:\/\/ozelmayapoliklinigi.com\/en\/wp-json\/wp\/v2\/types\/page"}],"author":[{"embeddable":true,"href":"https:\/\/ozelmayapoliklinigi.com\/en\/wp-json\/wp\/v2\/users\/1"}],"replies":[{"embeddable":true,"href":"https:\/\/ozelmayapoliklinigi.com\/en\/wp-json\/wp\/v2\/comments?post=134"}],"version-history":[{"count":34,"href":"https:\/\/ozelmayapoliklinigi.com\/en\/wp-json\/wp\/v2\/pages\/134\/revisions"}],"predecessor-version":[{"id":887,"href":"https:\/\/ozelmayapoliklinigi.com\/en\/wp-json\/wp\/v2\/pages\/134\/revisions\/887"}],"wp:attachment":[{"href":"https:\/\/ozelmayapoliklinigi.com\/en\/wp-json\/wp\/v2\/media?parent=134"}],"curies":[{"name":"wp","href":"https:\/\/api.w.org\/{rel}","templated":true}]}}