{"id":714,"date":"2024-09-26T16:46:28","date_gmt":"2024-09-26T13:46:28","guid":{"rendered":"https:\/\/ozelmayapoliklinigi.com\/?page_id=714"},"modified":"2024-09-26T16:52:24","modified_gmt":"2024-09-26T13:52:24","slug":"kisisel-veri-imha-politikasi","status":"publish","type":"page","link":"https:\/\/ozelmayapoliklinigi.com\/de\/kisisel-veri-imha-politikasi\/","title":{"rendered":"Richtlinie zur Vernichtung personenbezogener Daten"},"content":{"rendered":"<div data-elementor-type=\"wp-page\" data-elementor-id=\"714\" class=\"elementor elementor-714\" data-elementor-post-type=\"page\">\n\t\t\t\t\t\t<section class=\"elementor-section elementor-top-section elementor-element elementor-element-ac9c866 pbmit-col-stretched-none pbmit-bg-color-over-image elementor-section-boxed elementor-section-height-default elementor-section-height-default\" data-id=\"ac9c866\" data-element_type=\"section\" data-e-type=\"section\">\n\t\t\t\t\t\t<div class=\"elementor-container elementor-column-gap-default\">\n\t\t\t\t\t<div class=\"elementor-column elementor-col-100 elementor-top-column elementor-element elementor-element-8684d59 pbmit-bg-color-over-image\" data-id=\"8684d59\" data-element_type=\"column\" data-e-type=\"column\">\n\t\t\t<div class=\"elementor-widget-wrap elementor-element-populated\">\n\t\t\t\t\t\t<div class=\"elementor-element elementor-element-bed7409 elementor-widget elementor-widget-text-editor\" data-id=\"bed7409\" data-element_type=\"widget\" data-e-type=\"widget\" data-widget_type=\"text-editor.default\">\n\t\t\t\t<div class=\"elementor-widget-container\">\n\t\t\t\t\t\t\t\t\tDer f\u00fcr die Verarbeitung Verantwortliche, \u00d6zel Maya Cerrahi T\u0131p Merkezi (Arkansiyel Sa\u011fl\u0131k Hizmetleri ve Tic. A.\u015e.), speichert und vernichtet Ihre personenbezogenen Daten gem\u00e4\u00df den allgemeinen Grunds\u00e4tzen und Vorschriften dieser Richtlinie zur Speicherung und Vernichtung personenbezogener Daten, die im Einklang mit dem Gesetz zum Schutz personenbezogener Daten Nr. 6698 und der Verordnung \u00fcber die L\u00f6schung, Vernichtung oder Anonymisierung personenbezogener Daten sowie anderen einschl\u00e4gigen Rechtsvorschriften, insbesondere der Verfassung, erstellt wurde.\n\nMit dieser Richtlinie m\u00f6chte das Unternehmen die allgemeinen Grunds\u00e4tze und Prinzipien bez\u00fcglich der Speicherung und Vernichtung von Daten nat\u00fcrlicher Personen, die Gegenstand von T\u00e4tigkeiten zur Verarbeitung personenbezogener Daten im Rahmen der KVKK sind, darlegen und die durch die Gesetzgebung festgelegten Verpflichtungen erf\u00fcllen.\n\n<strong>Offene Zustimmung:\u00a0<\/strong>Zustimmung zu einem bestimmten Thema, die auf Informationen beruht und aus freiem Willen erteilt wird,\n\n<strong>K\u00e4ufergruppe:\u00a0<\/strong>Die Kategorie der nat\u00fcrlichen oder juristischen Person, an die der f\u00fcr die Verarbeitung Verantwortliche personenbezogene Daten \u00fcbermittelt,\n\n<strong>Anonymisierung:<\/strong>\u00a0Unm\u00f6glichkeit, personenbezogene Daten mit einer identifizierten oder identifizierbaren nat\u00fcrlichen Person in Verbindung zu bringen, auch durch Abgleich mit anderen Daten.\n\n<strong>Verwandte Benutzer:\u00a0<\/strong>Personen, die personenbezogene Daten innerhalb der Organisation des f\u00fcr die Datenverarbeitung Verantwortlichen oder gem\u00e4\u00df den vom f\u00fcr die Datenverarbeitung Verantwortlichen erhaltenen Befugnissen und Anweisungen verarbeiten, mit Ausnahme der f\u00fcr die technische Speicherung, den Schutz und die Sicherung der Daten verantwortlichen Person oder Stelle,\n\n<strong>Zerst\u00f6rung:\u00a0<\/strong>L\u00f6schung, Vernichtung oder Anonymisierung von personenbezogenen Daten,\n\n<strong>Pers\u00f6nliche Daten:\u00a0<\/strong>Alle Informationen, die sich auf eine identifizierte oder identifizierbare nat\u00fcrliche Person beziehen (z. B. Vor- und Nachname, t\u00fcrkische ID-Nummer, E-Mail, Adresse, Geburtsdatum, Kreditkartennummer, Bankkontonummer\n\n<strong>Kontaktperson:\u00a0<\/strong>Die nat\u00fcrliche Person, deren personenbezogene Daten verarbeitet werden,\n\n<strong>Verarbeitung von personenbezogenen Daten:\u00a0<\/strong>Jeder mit personenbezogenen Daten durchgef\u00fchrte Vorgang wie das Erheben, das Erfassen, die Speicherung, die Aufbewahrung, die Ver\u00e4nderung, die Umgestaltung, die Weitergabe, die \u00dcbermittlung, die \u00dcbernahme, die Bereitstellung, die Klassifizierung oder die Verhinderung der Verwendung personenbezogener Daten, der ganz oder teilweise automatisiert oder nichtautomatisiert erfolgt, sofern er Teil eines Datenerfassungssystems ist,\n\n<strong>Besondere Kategorien von personenbezogenen Daten:\u00a0<\/strong>Daten \u00fcber Ethnie, ethnische Herkunft, politische Meinung, Weltanschauung, Religion, Sekte oder andere Glaubensrichtungen, Kleidung, Mitgliedschaft in Vereinen, Stiftungen oder Gewerkschaften, Gesundheit, Sexualleben, strafrechtliche Verurteilungen und Sicherheitsma\u00dfnahmen sowie biometrische und genetische Daten,\n\n<strong>Regelm\u00e4\u00dfige Beseitigung:\u00a0<\/strong>Bei Wegfall aller in der KVKK genannten Voraussetzungen f\u00fcr die Verarbeitung personenbezogener Daten ist das in dieser Richtlinie beschriebene und in wiederkehrenden Abst\u00e4nden von Amts wegen durchzuf\u00fchrende Verfahren zur L\u00f6schung, Vernichtung oder Anonymisierung durchzuf\u00fchren.\n\n<strong>D MIT POLIZEI<\/strong><strong>\u00dcBERARBEITETE AUFNAHMEUMGEBUNGEN<\/strong>\n\nSie gilt f\u00fcr alle personenbezogenen Daten, die Gegenstand von Datenverarbeitungst\u00e4tigkeiten im Rahmen von KVKK sind. Dar\u00fcber hinaus umfassen die Dokumente, auf die in der Richtlinie Bezug genommen wird, sowohl physische als auch digitale Kopien.\n\nSie speichert alle personenbezogenen Daten, die Gegenstand von Datenverarbeitungst\u00e4tigkeiten im Rahmen der KVKK sind, in den folgenden Umgebungen, in denen personenbezogene Daten mit vollst\u00e4ndig oder teilweise automatisierten oder nicht automatisierten Mitteln verarbeitet werden, sofern sie Teil eines Datenerfassungssystems sind:\n\nFirmencomputer, E-Mail-Konten, Desktop-Computer, Mitarbeiterger\u00e4te (z.B. Mobiltelefon), Backup-Bereiche, Papierakten, Ordner, G\u00e4stebuch, CD, DVD, USB, Festplatten, Drucker, Fotokopierer, etc.\n\n<strong>GR\u00dcNDE, DIE DIE SPEICHERUNG UND BESEITIGUNG PERSONENBEZOGENER DATEN ERFORDERN<\/strong>\n\nDie folgenden Grunds\u00e4tze werden bei der Verarbeitung personenbezogener Daten zugrunde gelegt:\n<ol>\n \t<li>Einhaltung der Gesetze und des Gebots der Ehrlichkeit,<\/li>\n \t<li>Sicherstellung, dass personenbezogene Daten korrekt sind und bei Bedarf aktualisiert werden,<\/li>\n \t<li>Verarbeitung f\u00fcr spezifische, eindeutige und rechtm\u00e4\u00dfige Zwecke,<\/li>\n \t<li>Sie m\u00fcssen f\u00fcr den Zweck, f\u00fcr den sie verarbeitet werden, relevant, begrenzt und verh\u00e4ltnism\u00e4\u00dfig sein,<\/li>\n \t<li>Aufbewahrung f\u00fcr den Zeitraum, der in den einschl\u00e4gigen Rechtsvorschriften festgelegt oder f\u00fcr den Zweck der Verarbeitung erforderlich ist.<\/li>\n<\/ol>\nUnser Unternehmen speichert und verwendet die pers\u00f6nlichen Daten f\u00fcr die Zwecke der Verarbeitung der pers\u00f6nlichen Daten und in \u00dcbereinstimmung mit den Bedingungen f\u00fcr die Verarbeitung der pers\u00f6nlichen Daten, die in den Artikeln 5 und 6 des BVG festgelegt sind, und vernichtet die pers\u00f6nlichen Daten von Amts wegen oder auf Antrag des Inhabers der pers\u00f6nlichen Daten, wenn alle diese Bedingungen nicht mehr erf\u00fcllt sind:\n\n<strong>A des Inhabers der personenbezogenen Daten<\/strong><strong>Zustimmung zur Beendigung:\u00a0<\/strong>Die erste Voraussetzung f\u00fcr die Verarbeitung personenbezogener Daten ist die ausdr\u00fcckliche Zustimmung des Eigent\u00fcmers.\n\n<strong>Explizit im Gesetz<\/strong><strong>die vom Ministerium f\u00fcr Arbeit und soziale Sicherheit vorgesehen sind:<\/strong>Die personenbezogenen Daten der betroffenen Person k\u00f6nnen im Einklang mit dem Gesetz verarbeitet werden, ohne dass ihre ausdr\u00fcckliche Zustimmung eingeholt wird, sofern dies in den Gesetzen ausdr\u00fccklich vorgesehen ist.\n\n<strong>A) Der Inhaber der personenbezogenen Daten aufgrund tats\u00e4chlicher Unm\u00f6glichkeit<\/strong><strong>Vers\u00e4umnis, die Zustimmung einzuholen:\u00a0<\/strong>Die personenbezogenen Daten der betroffenen Person d\u00fcrfen verarbeitet werden, wenn die Verarbeitung der personenbezogenen Daten der Person, die ihre Einwilligung wegen tats\u00e4chlicher Unm\u00f6glichkeit nicht erteilen kann oder deren Einwilligung nicht als g\u00fcltig anerkannt werden kann, zwingend erforderlich ist, um ihr Leben oder die k\u00f6rperliche Unversehrtheit einer anderen Person zu sch\u00fctzen.\n\n<strong>Unmittelbare Relevanz f\u00fcr das Zustandekommen oder die Ausf\u00fchrung des Vertrags:\u00a0<\/strong>Sofern es in direktem Zusammenhang mit der Begr\u00fcndung oder Erf\u00fcllung eines Vertrags steht, ist die Verarbeitung personenbezogener Daten m\u00f6glich, wenn es notwendig ist, personenbezogene Daten der Vertragsparteien zu verarbeiten.\n\n<strong>Gesetzliche Verpflichtung:\u00a0<\/strong>Wenn die Datenverarbeitung f\u00fcr unser Unternehmen zur Erf\u00fcllung seiner gesetzlichen Verpflichtungen zwingend erforderlich ist, k\u00f6nnen die Daten des Inhabers der personenbezogenen Daten verarbeitet werden.\n\n<strong>Ver\u00f6ffentlichung von personenbezogenen Daten durch den Inhaber der personenbezogenen Daten:\u00a0<\/strong>Wenn die betroffene Person ihre personenbezogenen Daten selbst ver\u00f6ffentlicht hat, k\u00f6nnen die betreffenden personenbezogenen Daten nur im Rahmen der Ver\u00f6ffentlichung verarbeitet werden.\n\n<strong>Begr\u00fcndung oder Schutz eines Rechts i<\/strong><strong>Die Datenverarbeitung ist obligatorisch:\u00a0<\/strong>Personenbezogene Daten der betroffenen Person d\u00fcrfen verarbeitet werden, wenn die Datenverarbeitung f\u00fcr die Begr\u00fcndung, die Aus\u00fcbung oder den Schutz eines Rechts zwingend erforderlich ist.\n\n<strong>F\u00fcr das berechtigte Interesse unseres Unternehmens<\/strong><strong>Die Datenverarbeitung ist obligatorisch:\u00a0<\/strong>Sofern die Grundrechte und -freiheiten des Inhabers der personenbezogenen Daten nicht beeintr\u00e4chtigt werden, k\u00f6nnen die personenbezogenen Daten des Inhabers der personenbezogenen Daten verarbeitet werden, wenn die Datenverarbeitung f\u00fcr die berechtigten Interessen unseres Unternehmens zwingend erforderlich ist.\n\n<strong>L\u00d6SCHUNG, VERNICHTUNG ODER ANONYMISIERUNG VON PERSONENBEZOGENEN DATEN<\/strong>\n\nPersonenbezogene Daten werden von dem Unternehmen auf Antrag der betroffenen Person gel\u00f6scht, vernichtet oder von Amts wegen gel\u00f6scht, vernichtet oder anonymisiert, wenn die einschl\u00e4gigen Rechtsvorschriften, die die Grundlage f\u00fcr die Verarbeitung personenbezogener Daten bilden, ge\u00e4ndert oder aufgehoben werden, der Zweck, der die Verarbeitung oder Speicherung personenbezogener Daten erfordert, entf\u00e4llt, in F\u00e4llen, in denen die Verarbeitung personenbezogener Daten nur auf der Grundlage einer ausdr\u00fccklichen Einwilligung erfolgt, die betroffene Person ihre ausdr\u00fcckliche Einwilligung widerruft, die H\u00f6chstdauer f\u00fcr die Speicherung personenbezogener Daten abgelaufen ist und keine Bedingung vorliegt, die eine l\u00e4ngere Speicherung personenbezogener Daten rechtfertigt.\n\nSofern der Datenschutzausschuss nichts anderes beschlie\u00dft, w\u00e4hlt unser Unternehmen die geeignete Methode zur L\u00f6schung, Vernichtung oder Anonymisierung personenbezogener Daten von Amts wegen entsprechend den technischen M\u00f6glichkeiten und den Implementierungskosten. Auf Anfrage des Inhabers der personenbezogenen Daten wird die Begr\u00fcndung f\u00fcr die angemessene Methode erl\u00e4utert. Bei jedem dieser Verfahren werden die erforderlichen technischen und administrativen Ma\u00dfnahmen ergriffen.\n\n<strong>ERGRIFFENE TECHNISCHE UND ADMINISTRATIVE MASSNAHMEN<\/strong>\n\nUnser Unternehmen ergreift die erforderlichen technischen und administrativen Ma\u00dfnahmen gem\u00e4\u00df den Bestimmungen von Artikel 12 des KVKK und der Verordnung, den oben genannten allgemeinen Grunds\u00e4tzen, dieser Richtlinie und den Beschl\u00fcssen des Ausschusses f\u00fcr den Schutz personenbezogener Daten, je nach den technischen M\u00f6glichkeiten und den Kosten f\u00fcr die Umsetzung in Bezug auf die folgenden Punkte:\n<ol>\n \t<li>Erforderliche Software und Hardware wurden ermittelt. F\u00fcr Computer und E-Mail-Konten werden sichere Passw\u00f6rter verwendet.<\/li>\n \t<li>Was den Schutz von Kundeninformationen betrifft, so wurden unsere Mitarbeiter in Bezug auf die zu sch\u00fctzenden Informationen geschult und ihre Verantwortlichkeiten in ihren Arbeitsvertr\u00e4gen (Vertraulichkeitsvereinbarungen) festgehalten. Diese Verpflichtung besteht auch nach dem Ausscheiden der betreffenden Personen aus ihrer Position fort.<\/li>\n \t<li>F\u00fcr die Sicherung aller Daten wurde die notwendige Infrastruktur geschaffen.<\/li>\n \t<li>Die Mitarbeiter, die Zugang zu den Daten auf den Computern haben, wurden ermittelt.<\/li>\n \t<li>Kundendateien und Informationen werden nur an die betroffenen Personen selbst, an ihre Angeh\u00f6rigen, denen sie schriftlich zugestimmt haben, an die zust\u00e4ndigen \u00f6ffentlichen Einrichtungen und Organisationen im Rahmen der Gesetzgebung und an die zust\u00e4ndigen Justizbeh\u00f6rden in Gerichtsf\u00e4llen weitergegeben.<\/li>\n \t<li>Bevor die Beh\u00f6rde mit der Verarbeitung personenbezogener Daten beginnt, ist sie verpflichtet, die betroffenen Personen zu informieren.<\/li>\n \t<li>Es wurde ein Verzeichnis der Verarbeitung personenbezogener Daten erstellt.<\/li>\n<\/ol>\n<strong>LAGERUNG UND ENTSORGUNG<\/strong><strong>REPRODUKTIONEN<\/strong>\n\nUnser Unternehmen speichert und vernichtet personenbezogene Daten nur f\u00fcr den Zeitraum, der in der Gesetzgebung festgelegt ist, zu deren Einhaltung es verpflichtet ist, oder f\u00fcr den Zeitraum, der f\u00fcr den Zweck, f\u00fcr den sie verarbeitet werden, erforderlich ist.\n\nFalls der Inhaber der personenbezogenen Daten die L\u00f6schung seiner personenbezogenen Daten bei unserem Unternehmen beantragt:\n\nWenn alle Voraussetzungen f\u00fcr die Verarbeitung der personenbezogenen Daten nicht mehr gegeben sind: Sie erledigt den Antrag des Inhabers der personenbezogenen Daten sp\u00e4testens innerhalb von drei\u00dfig Tagen und unterrichtet den Inhaber der personenbezogenen Daten; wenn die personenbezogenen Daten, die Gegenstand des Antrags sind, an Dritte weitergegeben wurden, benachrichtigt sie den Dritten und sorgt daf\u00fcr, dass die erforderlichen Ma\u00dfnahmen gegen\u00fcber dem Dritten getroffen werden.\n\nWenn nicht alle Voraussetzungen f\u00fcr die Verarbeitung personenbezogener Daten weggefallen sind: Sie kann den Antrag des Inhabers der personenbezogenen Daten unter Angabe der Gr\u00fcnde gem\u00e4\u00df Artikel 13 Absatz 3 KVKK ablehnen und teilt dem Inhaber der personenbezogenen Daten die Ablehnung sp\u00e4testens innerhalb von drei\u00dfig Tagen schriftlich oder digital mit.\n\n<strong>PERIODISCHE ZERST\u00d6RUNG S<\/strong><strong>REPRODUKTIONEN<\/strong>\n\nPersonenbezogene Daten werden im ersten regelm\u00e4\u00dfigen Vernichtungsprozess nach dem Datum vernichtet, an dem die Verpflichtung zur Vernichtung personenbezogener Daten entstanden ist. In diesem Zusammenhang werden personenbezogene Daten, die zur Vernichtung verpflichtet sind, in 6-monatigen Abst\u00e4nden vernichtet.\n<table>\n<tbody>\n<tr>\n<td width=\"268\">PROZESS<\/td>\n<td width=\"268\">LAGERZEIT<\/td>\n<td width=\"268\">ENTSORGUNGSZEIT<\/td>\n<\/tr>\n<tr>\n<td width=\"268\">Vorbereitung von Vertr\u00e4gen<\/td>\n<td width=\"268\">10 Jahre nach Ablauf des Vertrages<\/td>\n<td width=\"268\">Bei der ersten periodischen Vernichtung nach Ablauf der Lagerzeit<\/td>\n<\/tr>\n<tr>\n<td width=\"268\">Durchf\u00fchrung von Personalprozessen<\/td>\n<td width=\"268\">10 Jahre nach Beendigung der T\u00e4tigkeit<\/td>\n<td width=\"268\">Bei der ersten periodischen Vernichtung nach Ablauf der Lagerzeit<\/td>\n<\/tr>\n<tr>\n<td width=\"268\">Ausf\u00fchrung von Hardware- und Software-Zugriffsprozessen<\/td>\n<td width=\"268\">5 Jahre<\/td>\n<td width=\"268\">Bei der ersten periodischen Vernichtung nach Ablauf der Lagerzeit<\/td>\n<\/tr>\n<tr>\n<td width=\"268\">Registrierung von Besuchern und Sitzungsteilnehmern<\/td>\n<td width=\"268\">5 Jahre<\/td>\n<td width=\"268\">Bei der ersten periodischen Vernichtung nach Ablauf der Lagerzeit<\/td>\n<\/tr>\n<tr>\n<td width=\"268\">Register der pers\u00f6nlichen Gesundheitsdaten<\/td>\n<td width=\"268\">Solange die in den Rechtsvorschriften festgelegte Frist<\/td>\n<td width=\"268\">Bei der ersten periodischen Vernichtung nach Ablauf der Lagerzeit<\/td>\n<\/tr>\n<tr>\n<td width=\"268\">Identit\u00e4tsdaten<\/td>\n<td width=\"268\">Solange die in den Rechtsvorschriften festgelegte Frist<\/td>\n<td width=\"268\">Bei der ersten periodischen Vernichtung nach Ablauf der Lagerzeit<\/td>\n<\/tr>\n<tr>\n<td width=\"268\">Kamera-Bilder<\/td>\n<td width=\"268\">Sie wird gem\u00e4\u00df der Verordnung \u00fcber Privatkrankenh\u00e4user mindestens 2 Monate lang aufbewahrt.<\/td>\n<td width=\"268\">Bei der ersten periodischen Vernichtung nach Ablauf der Lagerzeit<\/td>\n<\/tr>\n\n<\/tbody>\n<\/table>\nDiese Politik gilt als in Kraft getreten, sobald sie auf der Website ver\u00f6ffentlicht ist.\t\t\t\t\t\t\t\t<\/div>\n\t\t\t\t<\/div>\n\t\t\t\t\t<\/div>\n\t\t<\/div>\n\t\t\t\t\t<\/div>\n\t\t<\/section>\n\t\t\t\t<\/div>","protected":false},"excerpt":{"rendered":"<p>Veri sorumlusu\u00a0\u00a0\u00d6zel Maya Cerrahi T\u0131p Merkezi\u00a0(Arkansiyel Sa\u011fl\u0131k Hizmetleri ve Tic. A.\u015e), ki\u015fisel verilerinizi ba\u015fta Anayasa olmak \u00fczere 6698 say\u0131l\u0131 Ki\u015fisel Verilerin Korunmas\u0131 Kanunu ve Ki\u015fisel Verilerin Silinmesi, Yok Edilmesi veya Anonim Hale Getirilmesi Hakk\u0131nda Y\u00f6netmelik ve di\u011fer ilgili mevzuata uygun \u015fekilde haz\u0131rlanan i\u015fbu Ki\u015fisel Veri Saklama ve \u0130mha Politikas\u0131\u2019nda belirtilen genel prensipler ve d\u00fczenlemelere uygun [&hellip;]<\/p>\n","protected":false},"author":1,"featured_media":0,"parent":0,"menu_order":5,"comment_status":"closed","ping_status":"closed","template":"","meta":{"_acf_changed":false,"inline_featured_image":false,"footnotes":""},"class_list":["post-714","page","type-page","status-publish","hentry"],"acf":[],"_links":{"self":[{"href":"https:\/\/ozelmayapoliklinigi.com\/de\/wp-json\/wp\/v2\/pages\/714","targetHints":{"allow":["GET"]}}],"collection":[{"href":"https:\/\/ozelmayapoliklinigi.com\/de\/wp-json\/wp\/v2\/pages"}],"about":[{"href":"https:\/\/ozelmayapoliklinigi.com\/de\/wp-json\/wp\/v2\/types\/page"}],"author":[{"embeddable":true,"href":"https:\/\/ozelmayapoliklinigi.com\/de\/wp-json\/wp\/v2\/users\/1"}],"replies":[{"embeddable":true,"href":"https:\/\/ozelmayapoliklinigi.com\/de\/wp-json\/wp\/v2\/comments?post=714"}],"version-history":[{"count":7,"href":"https:\/\/ozelmayapoliklinigi.com\/de\/wp-json\/wp\/v2\/pages\/714\/revisions"}],"predecessor-version":[{"id":722,"href":"https:\/\/ozelmayapoliklinigi.com\/de\/wp-json\/wp\/v2\/pages\/714\/revisions\/722"}],"wp:attachment":[{"href":"https:\/\/ozelmayapoliklinigi.com\/de\/wp-json\/wp\/v2\/media?parent=714"}],"curies":[{"name":"wp","href":"https:\/\/api.w.org\/{rel}","templated":true}]}}