{"id":706,"date":"2024-09-26T16:44:05","date_gmt":"2024-09-26T13:44:05","guid":{"rendered":"https:\/\/ozelmayapoliklinigi.com\/?page_id=706"},"modified":"2024-09-26T16:45:48","modified_gmt":"2024-09-26T13:45:48","slug":"kvkk","status":"publish","type":"page","link":"https:\/\/ozelmayapoliklinigi.com\/de\/kvkk\/","title":{"rendered":"KVKK"},"content":{"rendered":"<div data-elementor-type=\"wp-page\" data-elementor-id=\"706\" class=\"elementor elementor-706\" data-elementor-post-type=\"page\">\n\t\t\t\t\t\t<section class=\"elementor-section elementor-top-section elementor-element elementor-element-ac9c866 pbmit-col-stretched-none pbmit-bg-color-over-image elementor-section-boxed elementor-section-height-default elementor-section-height-default\" data-id=\"ac9c866\" data-element_type=\"section\" data-e-type=\"section\">\n\t\t\t\t\t\t<div class=\"elementor-container elementor-column-gap-default\">\n\t\t\t\t\t<div class=\"elementor-column elementor-col-100 elementor-top-column elementor-element elementor-element-8684d59 pbmit-bg-color-over-image\" data-id=\"8684d59\" data-element_type=\"column\" data-e-type=\"column\">\n\t\t\t<div class=\"elementor-widget-wrap elementor-element-populated\">\n\t\t\t\t\t\t<div class=\"elementor-element elementor-element-bed7409 elementor-widget elementor-widget-text-editor\" data-id=\"bed7409\" data-element_type=\"widget\" data-e-type=\"widget\" data-widget_type=\"text-editor.default\">\n\t\t\t\t<div class=\"elementor-widget-container\">\n\t\t\t\t\t\t\t\t\t<p>Im Rahmen der von dem f\u00fcr die Datenverarbeitung verantwortlichen Unternehmen \u00d6zel Maya Cerrahi T\u0131p Merkezi (Arkansiyel Sa\u011fl\u0131k Hizmetleri ve Tic. A.\u015e.) festgelegten Grunds\u00e4tze der \u00fcberragenden Dienstleistungsqualit\u00e4t, der Achtung der Rechte des Einzelnen, der Transparenz und der Ehrlichkeit ist es von gro\u00dfer Bedeutung, die personenbezogenen Daten seiner Kunden, Mitarbeiter und anderer realer Personen, mit denen es in Beziehung steht, im Einklang mit den Bestimmungen des Gesetzes zum Schutz personenbezogener Daten zu sch\u00fctzen. Wir legen gro\u00dfen Wert auf den Schutz der Privatsph\u00e4re unserer Patienten und stellen sicher, dass alle Arten von personenbezogenen Daten unserer Patienten auf die bestm\u00f6gliche Weise und mit gr\u00f6\u00dfter Sorgfalt verarbeitet und gespeichert werden. Diese Richtlinie wurde ausgearbeitet, um die personenbezogenen Daten unserer Patienten sowie von Begleitern, Besuchern und Mitarbeitern der Einrichtungen und Organisationen, mit denen wir zusammenarbeiten, im Rahmen der grundlegenden Prinzipien der Gesetzgebung zu sch\u00fctzen und zu verarbeiten.<\/p><p>Zweck dieser Richtlinie ist es, Transparenz zu gew\u00e4hrleisten, indem die Personen, deren personenbezogene Daten verarbeitet werden, insbesondere unsere Patienten, Begleiter, Besucher, Angestellte und Beamte der Einrichtung, Angestellte und Beamte der Einrichtungen, mit denen wir zusammenarbeiten, sowie Dritte im Rahmen der Verarbeitung personenbezogener Daten durch unsere Gesundheitseinrichtung in \u00dcbereinstimmung mit der Gesetzgebung informiert werden. In diesem Zusammenhang werden verwaltungstechnische und technische Ma\u00dfnahmen ergriffen, um personenbezogene Daten in \u00dcbereinstimmung mit dem Gesetz Nr. 6698 und den damit verbundenen Rechtsvorschriften zu verarbeiten und zu sch\u00fctzen. Echte Personen, deren personenbezogene Daten im Rahmen dieser Politik verarbeitet werden, werden als Betroffene, Betroffene oder Inhaber der personenbezogenen Daten bezeichnet.<\/p><p><strong>Offene Zustimmung:<\/strong>\u00a0Zustimmung zu einem bestimmten Thema, die auf Informationen beruht und aus freiem Willen erteilt wird.<\/p><p><strong>Anonymisierung:<\/strong>\u00a0Ver\u00e4nderung personenbezogener Daten in einer Weise, dass sie ihre Eigenschaft als personenbezogene Daten verlieren und dieser Zustand nicht r\u00fcckg\u00e4ngig gemacht werden kann. Zum Beispiel Maskierung, Aggregation, Datenverf\u00e4lschung usw. Personenbezogene Daten werden mit Hilfe von Techniken nicht mit einer realen Person in Verbindung gebracht. Es ist m\u00f6glich, personenbezogene Daten f\u00fcr verschiedene Zwecke zu anonymisieren, jedoch nur auf Wunsch und\/oder mit Zustimmung der betroffenen Person, um den Geltungsbereich der KVKK und die ausdr\u00fcckliche Zustimmung nicht zu verletzen. Innerhalb unserer Gesundheitseinrichtung werden die erforderlichen Ma\u00dfnahmen ergriffen, um zu verhindern, dass die anonymisierten personenbezogenen Daten durch verschiedene Methoden identifizierbar gemacht werden k\u00f6nnen.<\/p><p><strong>Zusammenarbeit I<\/strong><strong>Mitarbeiter, Aktion\u00e4re und Beh\u00f6rden der Institutionen, in denen wir t\u00e4tig sind:\u00a0<\/strong>Sie bezieht sich auf reale Personen, die in Organisationen arbeiten (z. B. Gesch\u00e4ftspartner, Lieferanten, aber nicht nur auf diese), mit denen wir alle Arten von Gesch\u00e4ftsbeziehungen unterhalten, einschlie\u00dflich der Anteilseigner und Beamten dieser Organisationen.<\/p><p><strong>Verarbeitung von personenbezogenen Daten:\u00a0<\/strong>Er bezieht sich auf alle Arten von Vorg\u00e4ngen, die mit personenbezogenen Daten durchgef\u00fchrt werden, wie z. B. das Beschaffen, Erfassen, Speichern, Aufbewahren, Ver\u00e4ndern, Umgestalten, Offenlegen, \u00dcbermitteln, \u00dcbernehmen, Bereitstellen, Klassifizieren oder Verhindern der Verwendung personenbezogener Daten durch voll- oder teilautomatisierte Mittel oder durch nichtautomatisierte Mittel, sofern sie Teil eines Datenerfassungssystems sind.<\/p><p><strong>Pers\u00f6nliche Daten<\/strong><strong>:<\/strong>\u00a0Er bezieht sich auf alle Informationen, die sich auf eine bestimmte oder bestimmbare nat\u00fcrliche Person beziehen. Alle Informationen, die eine Person identifizierbar machen, gelten als personenbezogene Daten. Als Beispiele f\u00fcr personenbezogene Daten k\u00f6nnen Informationen wie die TR-Identifikationsnummer, Vor- und Nachname, E-Mail-Adresse, Telefonnummer, Wohnanschrift, Geburtsdatum und Kontonummer genannt werden.<\/p><p><strong>Besondere Kategorien von personenbezogenen Daten:\u00a0<\/strong>Daten \u00fcber Ethnie, ethnische Herkunft, politische Meinung, Weltanschauung, Religion, Sekte oder sonstige \u00dcberzeugungen, Kleidung, Mitgliedschaft in Vereinen, Stiftungen oder Gewerkschaften, Gesundheit, Sexualleben, strafrechtliche Verurteilungen und Sicherungsma\u00dfregeln sowie biometrische und genetische Daten stellen besondere Datenkategorien dar.<\/p><p><strong>Dritte Person\u00a0<\/strong>Sie bezieht sich auf dritte reale Personen, die mit diesen Personen verbunden sind, um die Sicherheit der gesch\u00e4ftlichen Transaktionen zwischen den oben genannten Parteien zu gew\u00e4hrleisten oder die Rechte der oben genannten Personen zu sch\u00fctzen und ihnen Vorteile zu verschaffen (z. B. Angestellte oder Beamte des Unternehmens, von dem die Dienstleistung bezogen wird, Companion usw.).<\/p><p><strong>Datenverarbeiter:\u00a0<\/strong>Eine nat\u00fcrliche oder juristische Person, die personenbezogene Daten im Auftrag des f\u00fcr die Verarbeitung Verantwortlichen auf der Grundlage der vom f\u00fcr die Verarbeitung Verantwortlichen erteilten Genehmigung verarbeitet. Zum Beispiel das IT-Unternehmen, das unsere Daten verwaltet.<\/p><p><strong>Verantwortlicher f\u00fcr die Datenverarbeitung:\u00a0<\/strong>Es handelt sich um die Person, die die Zwecke und Mittel der Verarbeitung personenbezogener Daten festlegt und den Ort verwaltet, an dem die Daten systematisch aufbewahrt werden (Datenerfassungssystem).<\/p><p>Im Rahmen der KVKK hat unsere Gesundheitseinrichtung den Titel des Datenverantwortlichen und hat sich im VERBIS-System registriert. In unserem Unternehmen wurde ein Team (Personal Data Officer Team) eingerichtet. In F\u00e4llen, in denen eine Entscheidung getroffen werden muss, holt das Team der Datenschutzbeauftragten die Meinung eines auf personenbezogene Daten spezialisierten Rechtsanwalts ein, und die nach der Genehmigung durch die Gesch\u00e4ftsf\u00fchrung getroffene Entscheidung wird in die Praxis umgesetzt.<\/p><p>Obwohl die verarbeiteten personenbezogenen Daten je nach den erbrachten Gesundheitsdienstleistungen variieren k\u00f6nnen, werden sie durch physische und\/oder digitale Methoden erhoben. Unsere Patienten, \u00c4rzte, das Gesundheitspersonal usw., unsere Mitarbeiter, Subunternehmer und deren Mitarbeiter sowie Unternehmen, mit denen wir alle Arten von kommerziellen Aktivit\u00e4ten betreiben, unser Callcenter, die Website unserer Gesundheitseinrichtung, Online-Dienste und \u00e4hnliche Wege, m\u00fcndlich, schriftlich oder digital erhobene Gesundheitsdaten, insbesondere personenbezogene Daten besonderer Art und personenbezogene Daten allgemeiner Art, werden f\u00fcr die folgenden und andere Zwecke verarbeitet, die sich in Zukunft ergeben k\u00f6nnen:<\/p><ol><li>Durchf\u00fchrung von medizinischen Diagnose-, Behandlungs- und Pflegeleistungen,<\/li><li>Schutz der \u00f6ffentlichen Gesundheit,<\/li><li>Planung und Verwaltung von pr\u00e4ventivmedizinischen Gesundheitsdiensten und deren Finanzierung,<\/li><li>Damit wir unsere Patienten \u00fcber den Termin informieren k\u00f6nnen<\/li><li>Planung und Verwaltung der internen Verfahren,<\/li><li>Analyse der Erbringung von Gesundheitsdienstleistungen in \u00dcbereinstimmung mit der Gesetzgebung zum Zweck der Entwicklung,<\/li><li>Durchf\u00fchrung von Ma\u00dfnahmen zum Risikomanagement und zur Qualit\u00e4tsverbesserung,<\/li><li>Durchf\u00fchrung von Forschungsarbeiten,<\/li><li>Erf\u00fcllung der rechtlichen und regulatorischen Anforderungen,<\/li><li>Rechnungsstellung f\u00fcr unsere Dienstleistungen,<\/li><li>Best\u00e4tigung Ihrer Identit\u00e4t,<\/li><li>Best\u00e4tigung Ihrer Beziehung zu den beauftragten Institutionen,<\/li><li>Weitergabe aller Arten von Informationen, die von privaten Versicherungsgesellschaften im Rahmen der Finanzierung von Gesundheitsleistungen angefordert werden,<\/li><li>Beantwortung all Ihrer Fragen und Beschwerden zu unseren Gesundheitsdienstleistungen,<\/li><li>Ergreifung aller notwendigen technischen und administrativen Ma\u00dfnahmen im Rahmen der Datensicherheit,<\/li><li>Sicherstellung der finanziellen Abstimmung mit den von uns beauftragten Einrichtungen, Banken und allen (\u00f6ffentlichen und privaten) Organisationen, von denen Gesundheitsausgaben erhoben werden, in Bezug auf die Ihnen erbrachten Gesundheitsleistungen,<\/li><li>Weitergabe der angeforderten Informationen an das Gesundheitsministerium und andere \u00f6ffentliche Einrichtungen und Organisationen im Einklang mit den einschl\u00e4gigen Rechtsvorschriften,<\/li><li>Patientenzufriedenheit messen, Patientenzufriedenheit steigern,<\/li><li>Sie k\u00f6nnen f\u00fcr die Erf\u00fcllung von Zwecken wie Vertr\u00e4gen und die Erf\u00fcllung unserer rechtlichen Verpflichtungen gesammelt und verarbeitet werden.<\/li><\/ol><p><strong>KATEGORISIERUNG DER VERARBEITETEN PERSONENBEZOGENEN DATEN<\/strong><\/p><p><strong>Berechtigungsnachweise:\u00a0<\/strong>Alle Informationen \u00fcber die Identit\u00e4t der Person in Dokumenten wie F\u00fchrerschein, Personalausweis, Reisepass, Anwaltsausweis, Heiratsurkunde<\/p><p><strong>Kontakt Details<\/strong>: Informationen zur Kontaktaufnahme mit der betroffenen Person, wie Telefonnummer, Adresse, Wohnort, E-Mail<\/p><p><strong>Standortdaten:\u00a0<\/strong>Daten, die eindeutig zu einer identifizierten oder identifizierbaren nat\u00fcrlichen Person geh\u00f6ren und die im Datenerfassungssystem enthalten sind und zur Bestimmung des Aufenthaltsortes der betroffenen Person dienen<\/p><p><strong>Familienmitglieder und enge Vertraute:<\/strong>\u00a0Informationen \u00fcber die Familienmitglieder und Verwandten des Inhabers der personenbezogenen Daten, die eindeutig zu einer identifizierten oder identifizierbaren nat\u00fcrlichen Person geh\u00f6ren und in das Datenerfassungssystem aufgenommen und zum Schutz der rechtlichen Interessen des betreffenden Organs und des Dateninhabers verarbeitet werden<\/p><p><strong>Physischer Raum:\u00a0<\/strong>Personenbezogene Daten im Zusammenhang mit Aufzeichnungen und Dokumenten wie Kameraaufzeichnungen, Fingerabdruckaufzeichnungen, Bild- und Tonaufzeichnungen<\/p><p><strong>Verfahren G<\/strong><strong>\u00fc Sicherheitskenntnisse:\u00a0<\/strong>Personenbezogene Daten, die zur Gew\u00e4hrleistung unserer technischen, administrativen, rechtlichen und kommerziellen Sicherheit bei der Aus\u00fcbung unserer T\u00e4tigkeit verarbeitet werden<\/p><p><strong>Finanzielle Informationen:\u00a0<\/strong>Verarbeitete personenbezogene Daten in Bezug auf Informationen, Dokumente und Aufzeichnungen zu allen Arten von Finanzergebnissen<\/p><p><strong>Informationen f\u00fcr Mitarbeiter-Kandidaten<\/strong>: Personenbezogene Daten, die \u00fcber Personen verarbeitet werden, die sich um eine Stelle beworben haben (Informationen \u00fcber Lebenslauf oder Bewerbung)<\/p><p><strong>Pers\u00f6nliche Informationen:\u00a0<\/strong>Informationen zur Gehaltsabrechnung, Disziplinaruntersuchungen, Informationen zur Sozialversicherungsanstalt (SSI), Aufzeichnungen \u00fcber Ein- und Austrittsdokumente, Informationen zu Verm\u00f6genserkl\u00e4rungen, Informationen zum Lebenslauf, Informationen zu Leistungsbewertungsberichten, Ergebnisse von Vorstellungsgespr\u00e4chen, der Inhalt des Arbeitsvertrags, Besch\u00e4ftigungsinformationen, pers\u00f6nliche Daten im Zusammenhang mit K\u00fcndigungsinformationen<\/p><p><strong>Rechtliche Schritte:\u00a0<\/strong>Personenbezogene Daten, die im Rahmen der Feststellung und Verfolgung unserer gesetzlichen Forderungen und Rechte sowie der Erf\u00fcllung unserer Schulden und unserer gesetzlichen Verpflichtungen verarbeitet werden<\/p><p>Die oben genannten personenbezogenen Daten k\u00f6nnen im Rahmen der Bestimmungen des Grundgesetzes \u00fcber das Gesundheitswesen Nr. 3359, des Gesetzesdekrets Nr. 663 \u00fcber die Organisation und die Aufgaben des Gesundheitsministeriums und der angeschlossenen Einrichtungen, der Verordnung \u00fcber Privatkrankenh\u00e4user, der Verordnung \u00fcber personenbezogene Gesundheitsdaten und der Verordnungen des Gesundheitsministeriums usw. verarbeitet werden und k\u00f6nnen in die physischen Archive und Informationssysteme unserer Gesundheitseinrichtung und\/oder unserer Lieferanten \u00fcbertragen werden.<\/p><p>Unser Unternehmen erkl\u00e4rt sich damit einverstanden, dass personenbezogene Daten in \u00dcbereinstimmung mit den folgenden Grunds\u00e4tzen verarbeitet werden:<\/p><ol><li>Einhaltung der Gesetze und des Gebots der Ehrlichkeit,<\/li><li>Sicherstellung, dass personenbezogene Daten korrekt sind und bei Bedarf aktualisiert werden,<\/li><li>Verarbeitung f\u00fcr spezifische, eindeutige und rechtm\u00e4\u00dfige Zwecke,<\/li><li>Sie m\u00fcssen f\u00fcr den Zweck, f\u00fcr den sie verarbeitet werden, relevant, begrenzt und verh\u00e4ltnism\u00e4\u00dfig sein,<\/li><li>Aufbewahrung f\u00fcr den Zeitraum, der in den einschl\u00e4gigen Rechtsvorschriften festgelegt oder f\u00fcr den Zweck der Verarbeitung erforderlich ist.<\/li><\/ol><p>Die ausdr\u00fcckliche Zustimmung des Inhabers der personenbezogenen Daten ist nur eine der Rechtsgrundlagen, die die Verarbeitung personenbezogener Daten im Einklang mit dem Gesetz erlauben. Neben der ausdr\u00fccklichen Einwilligung k\u00f6nnen personenbezogene Daten auch bei Vorliegen einer der anderen unten aufgef\u00fchrten Bedingungen verarbeitet werden. Die Grundlage f\u00fcr die Verarbeitung personenbezogener Daten kann nur eine der folgenden Bedingungen sein, oder es k\u00f6nnen mehrere dieser Bedingungen die Grundlage f\u00fcr dieselbe Verarbeitung personenbezogener Daten sein. Handelt es sich bei den verarbeiteten Daten um personenbezogene Daten besonderer Art, so gelten die folgenden Bedingungen:<\/p><ol><li>Ausdr\u00fcckliche Zustimmung des Inhabers der personenbezogenen Daten,<\/li><li>Ausdr\u00fccklich in den Gesetzen verankert,<\/li><li>Vers\u00e4umnis, die ausdr\u00fcckliche Zustimmung der betroffenen Person wegen tats\u00e4chlicher Unm\u00f6glichkeit einzuholen,<\/li><li>Unmittelbare Relevanz f\u00fcr das Zustandekommen oder die Ausf\u00fchrung des Vertrags<\/li><li>Erf\u00fcllung der gesetzlichen Verpflichtung des Unternehmens,<\/li><li>Ver\u00f6ffentlichung von personenbezogenen Daten durch den Inhaber der personenbezogenen Daten,<\/li><li>Die Datenverarbeitung ist f\u00fcr die Begr\u00fcndung oder den Schutz eines Rechts zwingend erforderlich,<\/li><li>Die Datenverarbeitung ist f\u00fcr das berechtigte Interesse unseres Unternehmens obligatorisch (Die \u00c4u\u00dferung der berechtigten Interessen des Unternehmens darf in keiner Weise im Widerspruch zu den von der KVKK festgelegten Grunds\u00e4tzen, dem Zweck der Verarbeitung personenbezogener Daten und dem Wesen des von der Verfassung garantierten Rechts stehen).<\/li><\/ol><p>Besondere Kategorien personenbezogener Daten werden von unserem Unternehmen in den folgenden F\u00e4llen verarbeitet, vorausgesetzt, es werden angemessene Ma\u00dfnahmen ergriffen, die vom Datenschutzausschuss festgelegt werden:<\/p><ol><li>Wenn eine ausdr\u00fcckliche Zustimmung des Inhabers der personenbezogenen Daten vorliegt,<\/li><li>Wenn keine ausdr\u00fcckliche Zustimmung des Inhabers der personenbezogenen Daten vorliegt; personenbezogene Daten besonderer Art, die nicht die Gesundheit und das Sexualleben des Inhabers der personenbezogenen Daten betreffen, in den vom Gesetz vorgesehenen F\u00e4llen,<\/li><li>Sensible personenbezogene Daten, die sich auf die Gesundheit und das Sexualleben der betroffenen Person beziehen, werden nur zu Zwecken des Schutzes der \u00f6ffentlichen Gesundheit, der Pr\u00e4ventivmedizin, der medizinischen Diagnose, der Behandlung und der Pflegedienste, der Planung und Verwaltung von Gesundheitsdiensten und der Finanzierung durch Personen oder befugte Einrichtungen und Organisationen verarbeitet, die zur Vertraulichkeit verpflichtet sind.<\/li><\/ol><p><strong>TECHNISCHE UND ADMINISTRATIVE MASSNAHMEN<\/strong><\/p><p>Unser Unternehmen ergreift die erforderlichen technischen und administrativen Ma\u00dfnahmen gem\u00e4\u00df den Bestimmungen von Artikel 12 des KVKK und der Verordnung, den oben genannten allgemeinen Grunds\u00e4tzen, dieser Richtlinie und den Beschl\u00fcssen des Ausschusses f\u00fcr den Schutz personenbezogener Daten, je nach den technischen M\u00f6glichkeiten und den Kosten f\u00fcr die Umsetzung in Bezug auf die folgenden Punkte:<\/p><ol><li>Erforderliche Software und Hardware wurden ermittelt. F\u00fcr Computer und E-Mail-Konten werden sichere Passw\u00f6rter verwendet.<\/li><li>Was den Schutz von Kundeninformationen betrifft, so wurden unsere Mitarbeiter in Bezug auf die zu sch\u00fctzenden Informationen geschult und ihre Verantwortlichkeiten in ihren Arbeitsvertr\u00e4gen (Vertraulichkeitsvereinbarungen) festgehalten. Diese Verpflichtung besteht auch nach dem Ausscheiden der betreffenden Personen aus ihrer Position fort.<\/li><li>F\u00fcr die Sicherung aller Daten wurde die notwendige Infrastruktur geschaffen.<\/li><li>Die Mitarbeiter, die Zugang zu den Daten auf den Computern haben, wurden ermittelt.<\/li><li>Kundendateien und Informationen werden nur an die betroffenen Personen selbst, an ihre Angeh\u00f6rigen, denen sie schriftlich zugestimmt haben, an die zust\u00e4ndigen \u00f6ffentlichen Einrichtungen und Organisationen im Rahmen der Gesetzgebung und an die zust\u00e4ndigen Justizbeh\u00f6rden in Gerichtsf\u00e4llen weitergegeben.<\/li><li>Bevor die Beh\u00f6rde mit der Verarbeitung personenbezogener Daten beginnt, ist sie verpflichtet, die betroffenen Personen zu informieren.<\/li><li>Es wurde ein Verzeichnis der Verarbeitung personenbezogener Daten erstellt.<\/li><li>Die betroffenen Inhaber der pers\u00f6nlichen Daten werden durch die in unserer Gesundheitseinrichtung ausgeh\u00e4ngten oder anderweitig den G\u00e4sten zur Verf\u00fcgung gestellten Texte \u00fcber diese Fragen aufgekl\u00e4rt.<\/li><\/ol><p>Ihre pers\u00f6nlichen Daten werden gem\u00e4\u00df den vom Gesetz festgelegten Grunds\u00e4tzen und unter den in den Artikeln 8 und 9 des Gesetzes genannten Bedingungen und Zwecken der Verarbeitung personenbezogener Daten verarbeitet. In \u00dcbereinstimmung mit den vom Gesetz festgelegten Grunds\u00e4tzen und im Rahmen der in den Artikeln 8 und 9 des Gesetzes festgelegten Bedingungen und Zwecke der Verarbeitung personenbezogener Daten und zu den oben genannten Zwecken werden unsere Gesundheitseinrichtung, das Gesundheitsministerium, seine Untereinheiten und die Zentren f\u00fcr Familienmedizin, private Versicherungsgesellschaften (Kranken-, Renten- und Lebensversicherungen u. \u00e4.), die Sozialversicherungsanstalt, die Generaldirektion f\u00fcr Sicherheit und andere Strafverfolgungsbeh\u00f6rden, die Generaldirektion f\u00fcr Bev\u00f6lkerung, der t\u00fcrkische Apothekerverband, Staatsanwaltschaften und Gerichte, in der T\u00fcrkei oder im Ausland ans\u00e4ssige Labors, mit denen wir f\u00fcr medizinische Diagnosen zusammenarbeiten, medizinische Zentren und Dritte, die Gesundheitsdienstleistungen erbringen, die Gesundheitseinrichtung, an die der Patient \u00fcberwiesen wird oder an die sich der Patient selbst wendet, Ihre ordnungsgem\u00e4\u00df bevollm\u00e4chtigten Vertreter, Dritte, von denen wir Beratung erhalten, Regulierungs- und Aufsichtsbeh\u00f6rden und offizielle Beh\u00f6rden, unsere Lieferanten und Anbieter von Unterst\u00fctzungsdienstleistungen, deren Dienstleistungen wir in Anspruch nehmen oder mit denen wir zusammenarbeiten, sowie unsere Anbieter von Unterst\u00fctzungsdienstleistungen. und 9. des Gesetzes im Rahmen der in den Artikeln 8 und 9 des Gesetzes genannten Bedingungen und Zwecke der Verarbeitung personenbezogener Daten.<\/p><p>In Bezug auf die verarbeiteten personenbezogenen Daten hat die betroffene Person das Recht zu erfahren, ob personenbezogene Daten verarbeitet wurden, Informationen zu verlangen, wenn dies der Fall ist, Zugang zu den personenbezogenen Gesundheitsdaten zu erhalten und diese anzufordern, zu erfahren, ob sie dem Zweck entsprechend verwendet werden, die Dritten zu erfahren, an die sie weitergegeben werden, die Berichtigung im Falle einer unrichtigen Verarbeitung zu verlangen, die L\u00f6schung oder Vernichtung personenbezogener Daten zu verlangen, die Mitteilung der Berichtigung an die Dritten zu verlangen, an die die personenbezogenen Daten im Falle einer unrichtigen Verarbeitung weitergegeben werden, Einspruch gegen das ung\u00fcnstige Ergebnis zu erheben, indem es durch automatisierte Systeme analysiert wird, den Ersatz des Schadens zu verlangen, der durch die unrechtm\u00e4\u00dfige Verarbeitung der personenbezogenen Daten entstanden ist. Im Falle einer unrichtigen Verarbeitung hat er das Recht, die Mitteilung der Berichtigung an die Dritten zu verlangen, an die die personenbezogenen Daten \u00fcbermittelt werden, Einspruch gegen das ung\u00fcnstige Ergebnis zu erheben, indem es durch automatisierte Systeme analysiert wird, den Ersatz des Schadens zu verlangen, der durch die unrechtm\u00e4\u00dfige Verarbeitung der personenbezogenen Daten entstanden ist.<\/p><p>Die Verarbeitung personenbezogener Daten wird von unserem Unternehmen durch den Einsatz von Sicherheitskameras und Videoaufzeichnungen an den Ein- und Ausg\u00e4ngen der G\u00e4ste durchgef\u00fchrt. In diesem Zusammenhang handelt unsere Gesundheitseinrichtung in \u00dcbereinstimmung mit dem Gesetz zum Schutz personenbezogener Daten und den Sicherheitsvorschriften.<\/p><p>Nur befugte Mitarbeiter und\/oder Mitarbeiter der Lieferfirma haben Zugang zu den Aufzeichnungen, die in einer digitalen Umgebung gespeichert werden. Die Kameraaufzeichnungen werden 2 Monate lang aufbewahrt.<\/p><p>Diese Politik gilt als in Kraft getreten, sobald sie auf der Website ver\u00f6ffentlicht ist.<\/p>\t\t\t\t\t\t\t\t<\/div>\n\t\t\t\t<\/div>\n\t\t\t\t\t<\/div>\n\t\t<\/div>\n\t\t\t\t\t<\/div>\n\t\t<\/section>\n\t\t\t\t<\/div>","protected":false},"excerpt":{"rendered":"<p>Veri sorumlusu\u00a0\u00d6zel Maya Cerrahi T\u0131p Merkezi\u00a0(Arkansiyel Sa\u011fl\u0131k Hizmetleri ve Tic. A.\u015e) belirlenen \u00fcst\u00fcn hizmet kalitesi, bireylerin haklar\u0131na sayg\u0131, \u015feffafl\u0131k ve d\u00fcr\u00fcstl\u00fck ilkeleri \u00e7er\u00e7evesinde, Ki\u015fisel Verileri Koruma Kanunu ile belirlenen d\u00fczenlemeler do\u011frultusunda m\u00fc\u015fterileri, \u00e7al\u0131\u015fanlar\u0131 ve ili\u015fki i\u00e7inde oldu\u011fu di\u011fer ger\u00e7ek ki\u015filere ait ki\u015fisel verilerin korunmas\u0131 b\u00fcy\u00fck \u00f6nem arz etmektedir. Hasta mahremiyetine ve hastalar\u0131m\u0131za ait her t\u00fcrl\u00fc [&hellip;]<\/p>\n","protected":false},"author":1,"featured_media":0,"parent":0,"menu_order":5,"comment_status":"closed","ping_status":"closed","template":"","meta":{"_acf_changed":false,"inline_featured_image":false,"footnotes":""},"class_list":["post-706","page","type-page","status-publish","hentry"],"acf":[],"_links":{"self":[{"href":"https:\/\/ozelmayapoliklinigi.com\/de\/wp-json\/wp\/v2\/pages\/706","targetHints":{"allow":["GET"]}}],"collection":[{"href":"https:\/\/ozelmayapoliklinigi.com\/de\/wp-json\/wp\/v2\/pages"}],"about":[{"href":"https:\/\/ozelmayapoliklinigi.com\/de\/wp-json\/wp\/v2\/types\/page"}],"author":[{"embeddable":true,"href":"https:\/\/ozelmayapoliklinigi.com\/de\/wp-json\/wp\/v2\/users\/1"}],"replies":[{"embeddable":true,"href":"https:\/\/ozelmayapoliklinigi.com\/de\/wp-json\/wp\/v2\/comments?post=706"}],"version-history":[{"count":4,"href":"https:\/\/ozelmayapoliklinigi.com\/de\/wp-json\/wp\/v2\/pages\/706\/revisions"}],"predecessor-version":[{"id":712,"href":"https:\/\/ozelmayapoliklinigi.com\/de\/wp-json\/wp\/v2\/pages\/706\/revisions\/712"}],"wp:attachment":[{"href":"https:\/\/ozelmayapoliklinigi.com\/de\/wp-json\/wp\/v2\/media?parent=706"}],"curies":[{"name":"wp","href":"https:\/\/api.w.org\/{rel}","templated":true}]}}