{"id":134,"date":"2023-09-26T10:45:32","date_gmt":"2023-09-26T10:45:32","guid":{"rendered":"http:\/\/xcare-demo.pbminfotech.com\/demo1\/?page_id=4466"},"modified":"2025-10-17T13:25:26","modified_gmt":"2025-10-17T10:25:26","slug":"hakkimizda","status":"publish","type":"page","link":"https:\/\/ozelmayapoliklinigi.com\/de\/hakkimizda\/","title":{"rendered":"\u00dcber uns"},"content":{"rendered":"<div data-elementor-type=\"wp-page\" data-elementor-id=\"134\" class=\"elementor elementor-134\" data-elementor-post-type=\"page\">\n\t\t\t\t\t\t<section class=\"elementor-section elementor-top-section elementor-element elementor-element-aa1d5e4 pbmit-col-stretched-none pbmit-bg-color-over-image elementor-section-boxed elementor-section-height-default elementor-section-height-default\" data-id=\"aa1d5e4\" data-element_type=\"section\" data-e-type=\"section\">\n\t\t\t\t\t\t<div class=\"elementor-container elementor-column-gap-no\">\n\t\t\t\t\t<div class=\"elementor-column elementor-col-100 elementor-top-column elementor-element elementor-element-94791fb pbmit-bg-color-over-image\" data-id=\"94791fb\" data-element_type=\"column\" data-e-type=\"column\">\n\t\t\t<div class=\"elementor-widget-wrap elementor-element-populated\">\n\t\t\t\t\t\t<section class=\"elementor-section elementor-inner-section elementor-element elementor-element-2cb653a pbmit-col-stretched-none pbmit-bg-color-over-image elementor-section-boxed elementor-section-height-default elementor-section-height-default\" data-id=\"2cb653a\" data-element_type=\"section\" data-e-type=\"section\">\n\t\t\t\t\t\t<div class=\"elementor-container elementor-column-gap-default\">\n\t\t\t\t\t<div class=\"elementor-column elementor-col-50 elementor-inner-column elementor-element elementor-element-5bdc943 pbmit-bg-color-over-image\" data-id=\"5bdc943\" data-element_type=\"column\" data-e-type=\"column\">\n\t\t\t<div class=\"elementor-widget-wrap elementor-element-populated\">\n\t\t\t\t\t\t<div class=\"elementor-element elementor-element-f43ab20 elementor-widget-tablet_extra__width-initial pbmit-animation-none elementor-widget elementor-widget-image\" data-id=\"f43ab20\" data-element_type=\"widget\" data-e-type=\"widget\" data-widget_type=\"image.default\">\n\t\t\t\t<div class=\"elementor-widget-container\">\n\t\t\t\t\t\t\t\t\t\t\t\t\t\t\t<img fetchpriority=\"high\" decoding=\"async\" width=\"847\" height=\"599\" src=\"https:\/\/ozelmayapoliklinigi.com\/wp-content\/uploads\/2025\/10\/UluslararasiSaglikTurizmBelgesi-1-e1760695454622-1024x724.png\" class=\"attachment-large size-large wp-image-866\" alt=\"\" srcset=\"https:\/\/ozelmayapoliklinigi.com\/wp-content\/uploads\/2025\/10\/UluslararasiSaglikTurizmBelgesi-1-e1760695454622-1024x724.png 1024w, https:\/\/ozelmayapoliklinigi.com\/wp-content\/uploads\/2025\/10\/UluslararasiSaglikTurizmBelgesi-1-e1760695454622-300x212.png 300w, https:\/\/ozelmayapoliklinigi.com\/wp-content\/uploads\/2025\/10\/UluslararasiSaglikTurizmBelgesi-1-e1760695454622-768x543.png 768w, https:\/\/ozelmayapoliklinigi.com\/wp-content\/uploads\/2025\/10\/UluslararasiSaglikTurizmBelgesi-1-e1760695454622-1536x1086.png 1536w, https:\/\/ozelmayapoliklinigi.com\/wp-content\/uploads\/2025\/10\/UluslararasiSaglikTurizmBelgesi-1-e1760695454622-2048x1448.png 2048w, https:\/\/ozelmayapoliklinigi.com\/wp-content\/uploads\/2025\/10\/UluslararasiSaglikTurizmBelgesi-1-e1760695454622-18x12.png 18w\" sizes=\"(max-width: 847px) 100vw, 847px\" \/>\t\t\t\t\t\t\t\t\t\t\t\t\t\t\t<\/div>\n\t\t\t\t<\/div>\n\t\t\t\t\t<\/div>\n\t\t<\/div>\n\t\t\t\t<div class=\"elementor-column elementor-col-50 elementor-inner-column elementor-element elementor-element-1cf5c9c pbmit-bg-color-over-image\" data-id=\"1cf5c9c\" data-element_type=\"column\" data-e-type=\"column\">\n\t\t\t<div class=\"elementor-widget-wrap elementor-element-populated\">\n\t\t\t\t\t\t<div class=\"elementor-element elementor-element-530a8e0 elementor-widget elementor-widget-heading\" data-id=\"530a8e0\" data-element_type=\"widget\" data-e-type=\"widget\" data-widget_type=\"heading.default\">\n\t\t\t\t<div class=\"elementor-widget-container\">\n\t\t\t\t\t<h2 class=\"elementor-heading-title elementor-size-default\">Unsere Vision<\/h2>\t\t\t\t<\/div>\n\t\t\t\t<\/div>\n\t\t\t\t<div class=\"elementor-element elementor-element-9d20225 elementor-widget elementor-widget-text-editor\" data-id=\"9d20225\" data-element_type=\"widget\" data-e-type=\"widget\" data-widget_type=\"text-editor.default\">\n\t\t\t\t<div class=\"elementor-widget-container\">\n\t\t\t\t\t\t\t\t\t<p>Unsere Vision als Private Maya Poliklinik ist es, ihr Markenimage zu erhalten und ihren Markenwert als eine weltweit anerkannte, zuverl\u00e4ssige und innovative Gesundheitseinrichtung im Bereich Gesundheit und \u00c4sthetik zu steigern. Unter der Leitung unseres Gr\u00fcnders, Dr. Nihat Dik, streben wir eine f\u00fchrende Position in der Branche als ein Zentrum an, das internationale Standards im Bereich Gesundheit und \u00c4sthetik \u00fcbernimmt, die neuesten wissenschaftlichen und technologischen Entwicklungen verfolgt und moderne Behandlungsmethoden anwendet. Mit unserem Ansatz, der die Menschen wertsch\u00e4tzt und keine Kompromisse bei den ethischen Grunds\u00e4tzen eingeht, wollen wir nicht nur in der T\u00fcrkei, sondern auch weltweit ein bevorzugtes Zentrum f\u00fcr \u00c4sthetik und Gesundheit sein. Unser Ziel ist es, eine kontinuierliche Entwicklung mit innovativen und bahnbrechenden L\u00f6sungen in der Branche zu gew\u00e4hrleisten und dabei die Zufriedenheit der Patienten stets auf h\u00f6chstem Niveau zu halten.<\/p>\t\t\t\t\t\t\t\t<\/div>\n\t\t\t\t<\/div>\n\t\t\t\t\t<\/div>\n\t\t<\/div>\n\t\t\t\t\t<\/div>\n\t\t<\/section>\n\t\t\t\t<div class=\"elementor-element elementor-element-e8dec6e elementor-widget elementor-widget-spacer\" data-id=\"e8dec6e\" data-element_type=\"widget\" data-e-type=\"widget\" data-widget_type=\"spacer.default\">\n\t\t\t\t<div class=\"elementor-widget-container\">\n\t\t\t\t\t\t\t<div class=\"elementor-spacer\">\n\t\t\t<div class=\"elementor-spacer-inner\"><\/div>\n\t\t<\/div>\n\t\t\t\t\t\t<\/div>\n\t\t\t\t<\/div>\n\t\t\t\t<div class=\"elementor-element elementor-element-38ce83c elementor-widget elementor-widget-heading\" data-id=\"38ce83c\" data-element_type=\"widget\" data-e-type=\"widget\" data-widget_type=\"heading.default\">\n\t\t\t\t<div class=\"elementor-widget-container\">\n\t\t\t\t\t<h2 class=\"elementor-heading-title elementor-size-default\">Unser Auftrag<\/h2>\t\t\t\t<\/div>\n\t\t\t\t<\/div>\n\t\t\t\t<div class=\"elementor-element elementor-element-df605b4 elementor-widget elementor-widget-text-editor\" data-id=\"df605b4\" data-element_type=\"widget\" data-e-type=\"widget\" data-widget_type=\"text-editor.default\">\n\t\t\t\t<div class=\"elementor-widget-container\">\n\t\t\t\t\t\t\t\t\t<p>Die Private Maya Poliklinik hat es sich zur Aufgabe gemacht, die gesundheitlichen und \u00e4sthetischen Bed\u00fcrfnisse ihrer Kunden mit den modernsten Technologien und den h\u00f6chsten ethischen Standards zu befriedigen, wobei sie sich auf die jahrelange Erfahrung und die F\u00fchrung ihres Gr\u00fcnders Dr. Nihat Dik st\u00fctzt. Im Einklang mit der Vision von Dr. Nihat Dik verfolgen wir die neuesten wissenschaftlichen Entwicklungen in der Branche genau und integrieren diese Entwicklungen schnell in unsere Behandlungsprozesse. Unsere erfahrenen Chirurgen und unser Expertenteam f\u00fchren die Behandlungen auf sichere, wirksame und individuelle Weise durch und bieten jedem Kunden die am besten geeigneten L\u00f6sungen an.<\/p>\n<p>Unsere technologische Ausstattung entspricht den neuesten medizinischen Standards und zielt darauf ab, die Behandlungsprozesse so sicher und komfortabel wie m\u00f6glich zu gestalten. Die Sicherheit und Zufriedenheit unserer Kunden steht f\u00fcr uns an erster Stelle. Aus diesem Grund sind wir bestrebt, nicht nur im Bereich der \u00c4sthetik, sondern auch im Bereich der allgemeinen Gesundheitsdienstleistungen mit einem sich st\u00e4ndig weiterentwickelnden und aktualisierten Dienstleistungsverst\u00e4ndnis einen erstklassigen Service zu bieten. Unser Ziel ist es, f\u00fcr unsere Kunden die besten Ergebnisse zu erzielen und ihnen eine zuverl\u00e4ssige und kontinuierliche Gesundheitsbetreuung zu bieten.<\/p>\n<p>Als private Maya-Poliklinik sind wir dazu da, die Lebensqualit\u00e4t unserer Kunden zu verbessern und ihren Gesundheitsweg mit Vertrauen zu begleiten.<\/p>\t\t\t\t\t\t\t\t<\/div>\n\t\t\t\t<\/div>\n\t\t\t\t\t<\/div>\n\t\t<\/div>\n\t\t\t\t\t<\/div>\n\t\t<\/section>\n\t\t\t\t<\/div>","protected":false},"excerpt":{"rendered":"<p>Vizyonumuz \u00d6zel Maya Poliklini\u011fi olarak vizyonumuz, sa\u011fl\u0131k ve estetik alan\u0131nda global \u00f6l\u00e7ekte tan\u0131nan, g\u00fcvenilir ve yenilik\u00e7i bir sa\u011fl\u0131k kurulu\u015fu olarak, marka imaj\u0131n\u0131 korumak ve marka de\u011ferini b\u00fcy\u00fctmektedir. Kurucumuz Dr. Nihat Dik&#8217;in \u00f6nc\u00fcl\u00fc\u011f\u00fcnde, sa\u011fl\u0131k ve estetik hizmetlerinde uluslararas\u0131 standartlar\u0131 benimseyen, en yeni bilimsel ve teknolojik geli\u015fmeleri takip eden, modern tedavi y\u00f6ntemlerini uygulayan bir merkez olarak sekt\u00f6rde [&hellip;]<\/p>\n","protected":false},"author":1,"featured_media":0,"parent":0,"menu_order":5,"comment_status":"closed","ping_status":"closed","template":"","meta":{"_acf_changed":false,"inline_featured_image":false,"footnotes":""},"class_list":["post-134","page","type-page","status-publish","hentry"],"acf":[],"_links":{"self":[{"href":"https:\/\/ozelmayapoliklinigi.com\/de\/wp-json\/wp\/v2\/pages\/134","targetHints":{"allow":["GET"]}}],"collection":[{"href":"https:\/\/ozelmayapoliklinigi.com\/de\/wp-json\/wp\/v2\/pages"}],"about":[{"href":"https:\/\/ozelmayapoliklinigi.com\/de\/wp-json\/wp\/v2\/types\/page"}],"author":[{"embeddable":true,"href":"https:\/\/ozelmayapoliklinigi.com\/de\/wp-json\/wp\/v2\/users\/1"}],"replies":[{"embeddable":true,"href":"https:\/\/ozelmayapoliklinigi.com\/de\/wp-json\/wp\/v2\/comments?post=134"}],"version-history":[{"count":34,"href":"https:\/\/ozelmayapoliklinigi.com\/de\/wp-json\/wp\/v2\/pages\/134\/revisions"}],"predecessor-version":[{"id":887,"href":"https:\/\/ozelmayapoliklinigi.com\/de\/wp-json\/wp\/v2\/pages\/134\/revisions\/887"}],"wp:attachment":[{"href":"https:\/\/ozelmayapoliklinigi.com\/de\/wp-json\/wp\/v2\/media?parent=134"}],"curies":[{"name":"wp","href":"https:\/\/api.w.org\/{rel}","templated":true}]}}